{"id":661,"date":"2024-08-26T15:16:33","date_gmt":"2024-08-26T15:16:33","guid":{"rendered":"https:\/\/ginestastudio.com\/?page_id=661"},"modified":"2025-01-14T11:33:53","modified_gmt":"2025-01-14T11:33:53","slug":"peralba-catalogue","status":"publish","type":"page","link":"https:\/\/ginestastudio.com\/es\/peralba-catalogue\/","title":{"rendered":"Peralba Cat\u00e1logo"},"content":{"rendered":"\t\t<div data-elementor-type=\"wp-page\" data-elementor-id=\"661\" class=\"elementor elementor-661\" data-elementor-post-type=\"page\">\n\t\t\t\t\t\t<section class=\"elementor-section elementor-top-section elementor-element elementor-element-a9185d5 elementor-section-full_width elementor-section-height-default elementor-section-height-default\" data-id=\"a9185d5\" data-element_type=\"section\" data-e-type=\"section\" data-settings=\"{&quot;sticky&quot;:&quot;top&quot;,&quot;sticky_on&quot;:[&quot;desktop&quot;,&quot;tablet&quot;,&quot;mobile&quot;],&quot;sticky_offset&quot;:0,&quot;sticky_effects_offset&quot;:0,&quot;sticky_anchor_link_offset&quot;:0}\">\n\t\t\t\t\t\t<div class=\"elementor-container elementor-column-gap-default\">\n\t\t\t\t\t<div class=\"elementor-column elementor-col-100 elementor-top-column elementor-element elementor-element-d877398\" data-id=\"d877398\" data-element_type=\"column\" data-e-type=\"column\">\n\t\t\t<div class=\"elementor-widget-wrap elementor-element-populated\">\n\t\t\t\t\t\t<div class=\"elementor-element elementor-element-1f85e0d elementor-hidden-mobile elementor-widget elementor-widget-image\" data-id=\"1f85e0d\" data-element_type=\"widget\" data-e-type=\"widget\" data-widget_type=\"image.default\">\n\t\t\t\t<div class=\"elementor-widget-container\">\n\t\t\t\t\t\t\t\t\t\t\t\t\t\t\t<img fetchpriority=\"high\" decoding=\"async\" width=\"6768\" height=\"3406\" src=\"https:\/\/ginestastudio.com\/wp-content\/uploads\/2024\/08\/5838455-1-e1724860242698.png\" class=\"attachment-full size-full wp-image-683\" alt=\"\" srcset=\"https:\/\/ginestastudio.com\/wp-content\/uploads\/2024\/08\/5838455-1-e1724860242698.png 6768w, https:\/\/ginestastudio.com\/wp-content\/uploads\/2024\/08\/5838455-1-e1724860242698-300x151.png 300w, https:\/\/ginestastudio.com\/wp-content\/uploads\/2024\/08\/5838455-1-e1724860242698-1024x515.png 1024w, https:\/\/ginestastudio.com\/wp-content\/uploads\/2024\/08\/5838455-1-e1724860242698-768x386.png 768w, https:\/\/ginestastudio.com\/wp-content\/uploads\/2024\/08\/5838455-1-e1724860242698-1536x773.png 1536w, https:\/\/ginestastudio.com\/wp-content\/uploads\/2024\/08\/5838455-1-e1724860242698-2048x1031.png 2048w\" sizes=\"(max-width: 6768px) 100vw, 6768px\" \/>\t\t\t\t\t\t\t\t\t\t\t\t\t\t\t<\/div>\n\t\t\t\t<\/div>\n\t\t\t\t<div class=\"elementor-element elementor-element-4fc3eb4 elementor-hidden-desktop elementor-hidden-tablet elementor-widget elementor-widget-image\" data-id=\"4fc3eb4\" data-element_type=\"widget\" data-e-type=\"widget\" data-widget_type=\"image.default\">\n\t\t\t\t<div class=\"elementor-widget-container\">\n\t\t\t\t\t\t\t\t\t\t\t\t\t\t\t<img decoding=\"async\" width=\"6768\" height=\"3530\" src=\"https:\/\/ginestastudio.com\/wp-content\/uploads\/2024\/08\/5838455-e1724765537594.png\" class=\"attachment-full size-full wp-image-668\" alt=\"\" srcset=\"https:\/\/ginestastudio.com\/wp-content\/uploads\/2024\/08\/5838455-e1724765537594.png 6768w, https:\/\/ginestastudio.com\/wp-content\/uploads\/2024\/08\/5838455-e1724765537594-300x156.png 300w, https:\/\/ginestastudio.com\/wp-content\/uploads\/2024\/08\/5838455-e1724765537594-1024x534.png 1024w, https:\/\/ginestastudio.com\/wp-content\/uploads\/2024\/08\/5838455-e1724765537594-768x401.png 768w, https:\/\/ginestastudio.com\/wp-content\/uploads\/2024\/08\/5838455-e1724765537594-1536x801.png 1536w, https:\/\/ginestastudio.com\/wp-content\/uploads\/2024\/08\/5838455-e1724765537594-2048x1068.png 2048w\" sizes=\"(max-width: 6768px) 100vw, 6768px\" \/>\t\t\t\t\t\t\t\t\t\t\t\t\t\t\t<\/div>\n\t\t\t\t<\/div>\n\t\t\t\t\t<\/div>\n\t\t<\/div>\n\t\t\t\t\t<\/div>\n\t\t<\/section>\n\t\t\t\t<section class=\"elementor-section elementor-top-section elementor-element elementor-element-563c7d9 elementor-section-full_width elementor-section-height-min-height elementor-section-items-top elementor-hidden-desktop elementor-section-height-default\" data-id=\"563c7d9\" data-element_type=\"section\" data-e-type=\"section\" data-settings=\"{&quot;background_background&quot;:&quot;classic&quot;}\">\n\t\t\t\t\t\t<div class=\"elementor-container elementor-column-gap-default\">\n\t\t\t\t\t<div class=\"elementor-column elementor-col-50 elementor-top-column elementor-element elementor-element-f1c573e\" data-id=\"f1c573e\" data-element_type=\"column\" data-e-type=\"column\">\n\t\t\t<div class=\"elementor-widget-wrap elementor-element-populated\">\n\t\t\t\t\t\t<section class=\"elementor-section elementor-inner-section elementor-element elementor-element-9f6cae7 elementor-section-boxed elementor-section-height-default elementor-section-height-default\" data-id=\"9f6cae7\" data-element_type=\"section\" data-e-type=\"section\">\n\t\t\t\t\t\t<div class=\"elementor-container elementor-column-gap-default\">\n\t\t\t\t\t<div class=\"elementor-column elementor-col-100 elementor-inner-column elementor-element elementor-element-090d6ec\" data-id=\"090d6ec\" data-element_type=\"column\" data-e-type=\"column\">\n\t\t\t<div class=\"elementor-widget-wrap elementor-element-populated\">\n\t\t\t\t\t\t<div class=\"elementor-element elementor-element-d623f28 elementor-widget elementor-widget-heading\" data-id=\"d623f28\" data-element_type=\"widget\" data-e-type=\"widget\" data-widget_type=\"heading.default\">\n\t\t\t\t<div class=\"elementor-widget-container\">\n\t\t\t\t\t<h2 class=\"elementor-heading-title elementor-size-default\">Peralba Catalogue<\/h2>\t\t\t\t<\/div>\n\t\t\t\t<\/div>\n\t\t\t\t<div class=\"elementor-element elementor-element-e151e18 elementor-widget elementor-widget-text-editor\" data-id=\"e151e18\" data-element_type=\"widget\" data-e-type=\"widget\" data-widget_type=\"text-editor.default\">\n\t\t\t\t<div class=\"elementor-widget-container\">\n\t\t\t\t\t\t\t\t\t<p><strong>Este proyecto presenta nuestro dise\u00f1o editorial para el cat\u00e1logo de productos de Peralba, disponible en formatos impresos y digitales.<\/strong><\/p><p><strong>Descripci\u00f3n del proyecto<\/strong><br \/>Este proyecto consisti\u00f3 en dise\u00f1ar un cat\u00e1logo de productos completo para Peralba, una empresa dedicada a empoderar a los profesionales con marcas de calidad, asesoramiento t\u00e9cnico y soporte completo para los proyectos. El cat\u00e1logo sirve como una herramienta vital para mostrar la amplia gama de categor\u00edas de Peralba, incluyendo Fontaner\u00eda, Electrodom\u00e9sticos, Cocina, Electricidad, Energ\u00eda Renovable, Ba\u00f1o y Control Clim\u00e1tico.<\/p><p>El objetivo era crear un dise\u00f1o funcional y visualmente atractivo que reflejara la misi\u00f3n de Peralba de estar \u00abal servicio de los profesionales\u00bb. El cat\u00e1logo combina una organizaci\u00f3n clara con una est\u00e9tica moderna, facilitando que los usuarios exploren los productos y naveguen por las categor\u00edas de manera sencilla.<\/p><p>Para la versi\u00f3n digital, incorporamos elementos interactivos, permitiendo a los usuarios descubrir categor\u00edas y detalles con un solo clic. Este enfoque asegura que tanto el formato impreso como el digital ofrezcan una experiencia fluida, adaptada a las necesidades de los profesionales.<\/p><p>El resultado es un cat\u00e1logo pulido e intuitivo que se alinea con el compromiso de Peralba con la calidad y el crecimiento de los negocios de sus clientes.<\/p>\t\t\t\t\t\t\t\t<\/div>\n\t\t\t\t<\/div>\n\t\t\t\t\t<\/div>\n\t\t<\/div>\n\t\t\t\t\t<\/div>\n\t\t<\/section>\n\t\t\t\t\t<\/div>\n\t\t<\/div>\n\t\t\t\t<div class=\"elementor-column elementor-col-50 elementor-top-column elementor-element elementor-element-e144c10\" data-id=\"e144c10\" data-element_type=\"column\" data-e-type=\"column\" data-settings=\"{&quot;motion_fx_motion_fx_scrolling&quot;:&quot;yes&quot;,&quot;motion_fx_devices&quot;:[&quot;desktop&quot;,&quot;tablet&quot;,&quot;mobile&quot;]}\">\n\t\t\t<div class=\"elementor-widget-wrap elementor-element-populated\">\n\t\t\t\t\t\t<div class=\"elementor-element elementor-element-0bbf4af elementor-widget elementor-widget-image\" data-id=\"0bbf4af\" data-element_type=\"widget\" data-e-type=\"widget\" data-widget_type=\"image.default\">\n\t\t\t\t<div class=\"elementor-widget-container\">\n\t\t\t\t\t\t\t\t\t\t\t\t\t\t\t<img decoding=\"async\" width=\"800\" height=\"536\" src=\"https:\/\/ginestastudio.com\/wp-content\/uploads\/2024\/08\/5841150-1-1024x686.png\" class=\"attachment-large size-large wp-image-705\" alt=\"\" srcset=\"https:\/\/ginestastudio.com\/wp-content\/uploads\/2024\/08\/5841150-1-1024x686.png 1024w, https:\/\/ginestastudio.com\/wp-content\/uploads\/2024\/08\/5841150-1-300x201.png 300w, https:\/\/ginestastudio.com\/wp-content\/uploads\/2024\/08\/5841150-1-768x515.png 768w, https:\/\/ginestastudio.com\/wp-content\/uploads\/2024\/08\/5841150-1-1536x1030.png 1536w, https:\/\/ginestastudio.com\/wp-content\/uploads\/2024\/08\/5841150-1-2048x1373.png 2048w\" sizes=\"(max-width: 800px) 100vw, 800px\" \/>\t\t\t\t\t\t\t\t\t\t\t\t\t\t\t<\/div>\n\t\t\t\t<\/div>\n\t\t\t\t<section class=\"elementor-section elementor-inner-section elementor-element elementor-element-40efde8 elementor-section-full_width elementor-section-height-default elementor-section-height-default\" data-id=\"40efde8\" data-element_type=\"section\" data-e-type=\"section\">\n\t\t\t\t\t\t<div class=\"elementor-container elementor-column-gap-no\">\n\t\t\t\t\t<div class=\"elementor-column elementor-col-50 elementor-inner-column elementor-element elementor-element-f9b4097\" data-id=\"f9b4097\" data-element_type=\"column\" data-e-type=\"column\">\n\t\t\t<div class=\"elementor-widget-wrap elementor-element-populated\">\n\t\t\t\t\t\t<div class=\"elementor-element elementor-element-bb4df60 elementor-widget__width-initial elementor-widget elementor-widget-video\" data-id=\"bb4df60\" data-element_type=\"widget\" data-e-type=\"widget\" data-settings=\"{&quot;video_type&quot;:&quot;hosted&quot;,&quot;autoplay&quot;:&quot;yes&quot;,&quot;loop&quot;:&quot;yes&quot;,&quot;mute&quot;:&quot;yes&quot;,&quot;play_on_mobile&quot;:&quot;yes&quot;}\" data-widget_type=\"video.default\">\n\t\t\t\t<div class=\"elementor-widget-container\">\n\t\t\t\t\t\t\t<div class=\"e-hosted-video elementor-wrapper elementor-open-inline\">\n\t\t\t\t\t<video class=\"elementor-video\" src=\"http:\/\/ginestastudio.com\/wp-content\/uploads\/2024\/08\/Black-and-White-Phone-Mockup-Webinar-Promotion-Instagram-Story-3.mp4\" autoplay=\"\" loop=\"\" muted=\"muted\" playsinline=\"\" controlsList=\"nodownload\"><\/video>\n\t\t\t\t<\/div>\n\t\t\t\t\t\t<\/div>\n\t\t\t\t<\/div>\n\t\t\t\t\t<\/div>\n\t\t<\/div>\n\t\t\t\t<div class=\"elementor-column elementor-col-50 elementor-inner-column elementor-element elementor-element-3d2388f\" data-id=\"3d2388f\" data-element_type=\"column\" data-e-type=\"column\">\n\t\t\t<div class=\"elementor-widget-wrap elementor-element-populated\">\n\t\t\t\t\t\t<div class=\"elementor-element elementor-element-4a0b579 elementor-widget elementor-widget-image\" data-id=\"4a0b579\" data-element_type=\"widget\" data-e-type=\"widget\" data-widget_type=\"image.default\">\n\t\t\t\t<div class=\"elementor-widget-container\">\n\t\t\t\t\t\t\t\t\t\t\t\t\t\t\t<img loading=\"lazy\" decoding=\"async\" width=\"576\" height=\"1024\" src=\"https:\/\/ginestastudio.com\/wp-content\/uploads\/2024\/08\/Black-and-White-Phone-Mockup-Webinar-Promotion-Instagram-Story-7-576x1024.png\" class=\"attachment-large size-large wp-image-732\" alt=\"\" srcset=\"https:\/\/ginestastudio.com\/wp-content\/uploads\/2024\/08\/Black-and-White-Phone-Mockup-Webinar-Promotion-Instagram-Story-7-576x1024.png 576w, https:\/\/ginestastudio.com\/wp-content\/uploads\/2024\/08\/Black-and-White-Phone-Mockup-Webinar-Promotion-Instagram-Story-7-169x300.png 169w, https:\/\/ginestastudio.com\/wp-content\/uploads\/2024\/08\/Black-and-White-Phone-Mockup-Webinar-Promotion-Instagram-Story-7-768x1365.png 768w, https:\/\/ginestastudio.com\/wp-content\/uploads\/2024\/08\/Black-and-White-Phone-Mockup-Webinar-Promotion-Instagram-Story-7-864x1536.png 864w, https:\/\/ginestastudio.com\/wp-content\/uploads\/2024\/08\/Black-and-White-Phone-Mockup-Webinar-Promotion-Instagram-Story-7.png 1080w\" sizes=\"(max-width: 576px) 100vw, 576px\" \/>\t\t\t\t\t\t\t\t\t\t\t\t\t\t\t<\/div>\n\t\t\t\t<\/div>\n\t\t\t\t\t<\/div>\n\t\t<\/div>\n\t\t\t\t\t<\/div>\n\t\t<\/section>\n\t\t\t\t<div class=\"elementor-element elementor-element-a343b12 elementor-widget elementor-widget-image\" data-id=\"a343b12\" data-element_type=\"widget\" data-e-type=\"widget\" data-widget_type=\"image.default\">\n\t\t\t\t<div class=\"elementor-widget-container\">\n\t\t\t\t\t\t\t\t\t\t\t\t\t\t\t<img loading=\"lazy\" decoding=\"async\" width=\"800\" height=\"534\" src=\"https:\/\/ginestastudio.com\/wp-content\/uploads\/2024\/08\/5856705-2-1024x683.png\" class=\"attachment-large size-large wp-image-704\" alt=\"\" srcset=\"https:\/\/ginestastudio.com\/wp-content\/uploads\/2024\/08\/5856705-2-1024x683.png 1024w, https:\/\/ginestastudio.com\/wp-content\/uploads\/2024\/08\/5856705-2-300x200.png 300w, https:\/\/ginestastudio.com\/wp-content\/uploads\/2024\/08\/5856705-2-768x513.png 768w, https:\/\/ginestastudio.com\/wp-content\/uploads\/2024\/08\/5856705-2-1536x1025.png 1536w, https:\/\/ginestastudio.com\/wp-content\/uploads\/2024\/08\/5856705-2-2048x1367.png 2048w\" sizes=\"(max-width: 800px) 100vw, 800px\" \/>\t\t\t\t\t\t\t\t\t\t\t\t\t\t\t<\/div>\n\t\t\t\t<\/div>\n\t\t\t\t\t<\/div>\n\t\t<\/div>\n\t\t\t\t\t<\/div>\n\t\t<\/section>\n\t\t\t\t<section class=\"elementor-section elementor-top-section elementor-element elementor-element-294017c elementor-section-full_width elementor-section-height-min-height elementor-section-items-top elementor-hidden-tablet elementor-hidden-mobile elementor-section-height-default\" data-id=\"294017c\" data-element_type=\"section\" data-e-type=\"section\" data-settings=\"{&quot;background_background&quot;:&quot;classic&quot;}\">\n\t\t\t\t\t\t<div class=\"elementor-container elementor-column-gap-default\">\n\t\t\t\t\t<div class=\"elementor-column elementor-col-50 elementor-top-column elementor-element elementor-element-a44b14b\" data-id=\"a44b14b\" data-element_type=\"column\" data-e-type=\"column\">\n\t\t\t<div class=\"elementor-widget-wrap elementor-element-populated\">\n\t\t\t\t\t\t<section class=\"elementor-section elementor-inner-section elementor-element elementor-element-a434bc5 elementor-section-boxed elementor-section-height-default elementor-section-height-default\" data-id=\"a434bc5\" data-element_type=\"section\" data-e-type=\"section\" data-settings=\"{&quot;sticky&quot;:&quot;top&quot;,&quot;sticky_offset&quot;:55,&quot;sticky_on&quot;:[&quot;desktop&quot;,&quot;tablet&quot;,&quot;mobile&quot;],&quot;sticky_effects_offset&quot;:0,&quot;sticky_anchor_link_offset&quot;:0}\">\n\t\t\t\t\t\t<div class=\"elementor-container elementor-column-gap-default\">\n\t\t\t\t\t<div class=\"elementor-column elementor-col-100 elementor-inner-column elementor-element elementor-element-62fa4ec\" data-id=\"62fa4ec\" data-element_type=\"column\" data-e-type=\"column\">\n\t\t\t<div class=\"elementor-widget-wrap elementor-element-populated\">\n\t\t\t\t\t\t<div class=\"elementor-element elementor-element-10c63da elementor-widget elementor-widget-heading\" data-id=\"10c63da\" data-element_type=\"widget\" data-e-type=\"widget\" data-widget_type=\"heading.default\">\n\t\t\t\t<div class=\"elementor-widget-container\">\n\t\t\t\t\t<h2 class=\"elementor-heading-title elementor-size-default\">Peralba Catalogue<\/h2>\t\t\t\t<\/div>\n\t\t\t\t<\/div>\n\t\t\t\t<div class=\"elementor-element elementor-element-cf34db7 elementor-widget elementor-widget-text-editor\" data-id=\"cf34db7\" data-element_type=\"widget\" data-e-type=\"widget\" data-widget_type=\"text-editor.default\">\n\t\t\t\t<div class=\"elementor-widget-container\">\n\t\t\t\t\t\t\t\t\t<div class=\"flex max-w-full flex-col flex-grow\"><div class=\"min-h-8 text-message flex w-full flex-col items-end gap-2 whitespace-normal break-words text-start [.text-message+&amp;]:mt-5\" dir=\"auto\" data-message-author-role=\"assistant\" data-message-id=\"d6630e12-e9df-44ab-89ae-9203e6fda9df\" data-message-model-slug=\"gpt-4o-mini\"><div class=\"flex w-full flex-col gap-1 empty:hidden first:pt-[3px]\"><div class=\"markdown prose w-full break-words dark:prose-invert light\"><p><strong>Este proyecto presenta nuestro dise\u00f1o editorial para el cat\u00e1logo de productos de Peralba, disponible en formatos impresos y digitales.<\/strong><\/p><p><strong>Descripci\u00f3n del proyecto<\/strong><br \/>Este proyecto consisti\u00f3 en dise\u00f1ar un cat\u00e1logo de productos completo para Peralba, una empresa dedicada a empoderar a los profesionales con marcas de calidad, asesoramiento t\u00e9cnico y soporte completo para los proyectos. El cat\u00e1logo sirve como una herramienta vital para mostrar la amplia gama de categor\u00edas de Peralba, incluyendo Fontaner\u00eda, Electrodom\u00e9sticos, Cocina, Electricidad, Energ\u00eda Renovable, Ba\u00f1o y Control Clim\u00e1tico.<\/p><p>El objetivo era crear un dise\u00f1o funcional y visualmente atractivo que reflejara la misi\u00f3n de Peralba de estar \u00abal servicio de los profesionales\u00bb. El cat\u00e1logo combina una organizaci\u00f3n clara con una est\u00e9tica moderna, facilitando que los usuarios exploren los productos y naveguen por las categor\u00edas de manera sencilla.<\/p><p>Para la versi\u00f3n digital, incorporamos elementos interactivos, permitiendo a los usuarios descubrir categor\u00edas y detalles con un solo clic. Este enfoque asegura que tanto el formato impreso como el digital ofrezcan una experiencia fluida, adaptada a las necesidades de los profesionales.<\/p><p>El resultado es un cat\u00e1logo pulido e intuitivo que se alinea con el compromiso de Peralba con la calidad y el crecimiento de los negocios de sus clientes.<\/p><\/div><\/div><\/div><\/div>\t\t\t\t\t\t\t\t<\/div>\n\t\t\t\t<\/div>\n\t\t\t\t\t<\/div>\n\t\t<\/div>\n\t\t\t\t\t<\/div>\n\t\t<\/section>\n\t\t\t\t\t<\/div>\n\t\t<\/div>\n\t\t\t\t<div class=\"elementor-column elementor-col-50 elementor-top-column elementor-element elementor-element-d1e9281\" data-id=\"d1e9281\" data-element_type=\"column\" data-e-type=\"column\" data-settings=\"{&quot;motion_fx_motion_fx_scrolling&quot;:&quot;yes&quot;,&quot;motion_fx_devices&quot;:[&quot;desktop&quot;,&quot;tablet&quot;,&quot;mobile&quot;]}\">\n\t\t\t<div class=\"elementor-widget-wrap elementor-element-populated\">\n\t\t\t\t\t\t<div class=\"elementor-element elementor-element-11d9e61 elementor-widget elementor-widget-image\" data-id=\"11d9e61\" data-element_type=\"widget\" data-e-type=\"widget\" data-widget_type=\"image.default\">\n\t\t\t\t<div class=\"elementor-widget-container\">\n\t\t\t\t\t\t\t\t\t\t\t\t\t\t\t<img decoding=\"async\" width=\"800\" height=\"536\" src=\"https:\/\/ginestastudio.com\/wp-content\/uploads\/2024\/08\/5841150-1-1024x686.png\" class=\"attachment-large size-large wp-image-705\" alt=\"\" srcset=\"https:\/\/ginestastudio.com\/wp-content\/uploads\/2024\/08\/5841150-1-1024x686.png 1024w, https:\/\/ginestastudio.com\/wp-content\/uploads\/2024\/08\/5841150-1-300x201.png 300w, https:\/\/ginestastudio.com\/wp-content\/uploads\/2024\/08\/5841150-1-768x515.png 768w, https:\/\/ginestastudio.com\/wp-content\/uploads\/2024\/08\/5841150-1-1536x1030.png 1536w, https:\/\/ginestastudio.com\/wp-content\/uploads\/2024\/08\/5841150-1-2048x1373.png 2048w\" sizes=\"(max-width: 800px) 100vw, 800px\" \/>\t\t\t\t\t\t\t\t\t\t\t\t\t\t\t<\/div>\n\t\t\t\t<\/div>\n\t\t\t\t<section class=\"elementor-section elementor-inner-section elementor-element elementor-element-fc156e7 elementor-section-full_width elementor-section-height-default elementor-section-height-default\" data-id=\"fc156e7\" data-element_type=\"section\" data-e-type=\"section\">\n\t\t\t\t\t\t<div class=\"elementor-container elementor-column-gap-no\">\n\t\t\t\t\t<div class=\"elementor-column elementor-col-50 elementor-inner-column elementor-element elementor-element-909d66f\" data-id=\"909d66f\" data-element_type=\"column\" data-e-type=\"column\">\n\t\t\t<div class=\"elementor-widget-wrap elementor-element-populated\">\n\t\t\t\t\t\t<div class=\"elementor-element elementor-element-39bef2a elementor-widget__width-initial elementor-widget elementor-widget-video\" data-id=\"39bef2a\" data-element_type=\"widget\" data-e-type=\"widget\" data-settings=\"{&quot;video_type&quot;:&quot;hosted&quot;,&quot;autoplay&quot;:&quot;yes&quot;,&quot;loop&quot;:&quot;yes&quot;,&quot;mute&quot;:&quot;yes&quot;,&quot;play_on_mobile&quot;:&quot;yes&quot;}\" data-widget_type=\"video.default\">\n\t\t\t\t<div class=\"elementor-widget-container\">\n\t\t\t\t\t\t\t<div class=\"e-hosted-video elementor-wrapper elementor-open-inline\">\n\t\t\t\t\t<video class=\"elementor-video\" src=\"http:\/\/ginestastudio.com\/wp-content\/uploads\/2024\/08\/Black-and-White-Phone-Mockup-Webinar-Promotion-Instagram-Story-3.mp4\" autoplay=\"\" loop=\"\" muted=\"muted\" playsinline=\"\" controlsList=\"nodownload\"><\/video>\n\t\t\t\t<\/div>\n\t\t\t\t\t\t<\/div>\n\t\t\t\t<\/div>\n\t\t\t\t\t<\/div>\n\t\t<\/div>\n\t\t\t\t<div class=\"elementor-column elementor-col-50 elementor-inner-column elementor-element elementor-element-0a98394\" data-id=\"0a98394\" data-element_type=\"column\" data-e-type=\"column\">\n\t\t\t<div class=\"elementor-widget-wrap elementor-element-populated\">\n\t\t\t\t\t\t<div class=\"elementor-element elementor-element-e3d5bfa elementor-widget elementor-widget-image\" data-id=\"e3d5bfa\" data-element_type=\"widget\" data-e-type=\"widget\" data-widget_type=\"image.default\">\n\t\t\t\t<div class=\"elementor-widget-container\">\n\t\t\t\t\t\t\t\t\t\t\t\t\t\t\t<img loading=\"lazy\" decoding=\"async\" width=\"576\" height=\"1024\" src=\"https:\/\/ginestastudio.com\/wp-content\/uploads\/2024\/08\/Black-and-White-Phone-Mockup-Webinar-Promotion-Instagram-Story-7-576x1024.png\" class=\"attachment-large size-large wp-image-732\" alt=\"\" srcset=\"https:\/\/ginestastudio.com\/wp-content\/uploads\/2024\/08\/Black-and-White-Phone-Mockup-Webinar-Promotion-Instagram-Story-7-576x1024.png 576w, https:\/\/ginestastudio.com\/wp-content\/uploads\/2024\/08\/Black-and-White-Phone-Mockup-Webinar-Promotion-Instagram-Story-7-169x300.png 169w, https:\/\/ginestastudio.com\/wp-content\/uploads\/2024\/08\/Black-and-White-Phone-Mockup-Webinar-Promotion-Instagram-Story-7-768x1365.png 768w, https:\/\/ginestastudio.com\/wp-content\/uploads\/2024\/08\/Black-and-White-Phone-Mockup-Webinar-Promotion-Instagram-Story-7-864x1536.png 864w, https:\/\/ginestastudio.com\/wp-content\/uploads\/2024\/08\/Black-and-White-Phone-Mockup-Webinar-Promotion-Instagram-Story-7.png 1080w\" sizes=\"(max-width: 576px) 100vw, 576px\" \/>\t\t\t\t\t\t\t\t\t\t\t\t\t\t\t<\/div>\n\t\t\t\t<\/div>\n\t\t\t\t\t<\/div>\n\t\t<\/div>\n\t\t\t\t\t<\/div>\n\t\t<\/section>\n\t\t\t\t<div class=\"elementor-element elementor-element-1630cff elementor-widget elementor-widget-image\" data-id=\"1630cff\" data-element_type=\"widget\" data-e-type=\"widget\" data-widget_type=\"image.default\">\n\t\t\t\t<div class=\"elementor-widget-container\">\n\t\t\t\t\t\t\t\t\t\t\t\t\t\t\t<img loading=\"lazy\" decoding=\"async\" width=\"800\" height=\"534\" src=\"https:\/\/ginestastudio.com\/wp-content\/uploads\/2024\/08\/5856705-2-1024x683.png\" class=\"attachment-large size-large wp-image-704\" alt=\"\" srcset=\"https:\/\/ginestastudio.com\/wp-content\/uploads\/2024\/08\/5856705-2-1024x683.png 1024w, https:\/\/ginestastudio.com\/wp-content\/uploads\/2024\/08\/5856705-2-300x200.png 300w, https:\/\/ginestastudio.com\/wp-content\/uploads\/2024\/08\/5856705-2-768x513.png 768w, https:\/\/ginestastudio.com\/wp-content\/uploads\/2024\/08\/5856705-2-1536x1025.png 1536w, https:\/\/ginestastudio.com\/wp-content\/uploads\/2024\/08\/5856705-2-2048x1367.png 2048w\" sizes=\"(max-width: 800px) 100vw, 800px\" \/>\t\t\t\t\t\t\t\t\t\t\t\t\t\t\t<\/div>\n\t\t\t\t<\/div>\n\t\t\t\t\t<\/div>\n\t\t<\/div>\n\t\t\t\t\t<\/div>\n\t\t<\/section>\n\t\t\t\t<\/div>\n\t\t","protected":false},"excerpt":{"rendered":"<p>Peralba Catalogue \u00a0 This case study showcases our editorial design for Peralba\u2019s product catalog, available in both printed and digital formats. Project DescriptionThis project involved designing a comprehensive product catalog for Peralba, a company dedicated to empowering professionals with quality brands, technical advice, and full project support. The catalog serves as a vital tool for [&hellip;]<\/p>\n","protected":false},"author":1,"featured_media":0,"parent":0,"menu_order":0,"comment_status":"closed","ping_status":"closed","template":"elementor_header_footer","meta":{"footnotes":""},"class_list":["post-661","page","type-page","status-publish","hentry"],"_links":{"self":[{"href":"https:\/\/ginestastudio.com\/es\/wp-json\/wp\/v2\/pages\/661"}],"collection":[{"href":"https:\/\/ginestastudio.com\/es\/wp-json\/wp\/v2\/pages"}],"about":[{"href":"https:\/\/ginestastudio.com\/es\/wp-json\/wp\/v2\/types\/page"}],"author":[{"embeddable":true,"href":"https:\/\/ginestastudio.com\/es\/wp-json\/wp\/v2\/users\/1"}],"replies":[{"embeddable":true,"href":"https:\/\/ginestastudio.com\/es\/wp-json\/wp\/v2\/comments?post=661"}],"version-history":[{"count":59,"href":"https:\/\/ginestastudio.com\/es\/wp-json\/wp\/v2\/pages\/661\/revisions"}],"predecessor-version":[{"id":1641,"href":"https:\/\/ginestastudio.com\/es\/wp-json\/wp\/v2\/pages\/661\/revisions\/1641"}],"wp:attachment":[{"href":"https:\/\/ginestastudio.com\/es\/wp-json\/wp\/v2\/media?parent=661"}],"curies":[{"name":"wp","href":"https:\/\/api.w.org\/{rel}","templated":true}]}}