{"id":619,"date":"2024-08-07T16:19:28","date_gmt":"2024-08-07T16:19:28","guid":{"rendered":"https:\/\/ginestastudio.com\/?page_id=619"},"modified":"2025-01-14T11:35:15","modified_gmt":"2025-01-14T11:35:15","slug":"trece-studio","status":"publish","type":"page","link":"https:\/\/ginestastudio.com\/es\/trece-studio\/","title":{"rendered":"Trece Studio"},"content":{"rendered":"\t\t<div data-elementor-type=\"wp-page\" data-elementor-id=\"619\" class=\"elementor elementor-619\" data-elementor-post-type=\"page\">\n\t\t\t\t\t\t<section class=\"elementor-section elementor-top-section elementor-element elementor-element-67b3fb7 elementor-section-full_width elementor-section-height-default elementor-section-height-default\" data-id=\"67b3fb7\" data-element_type=\"section\" data-e-type=\"section\" data-settings=\"{&quot;background_background&quot;:&quot;classic&quot;}\">\n\t\t\t\t\t\t<div class=\"elementor-container elementor-column-gap-default\">\n\t\t\t\t\t<div class=\"elementor-column elementor-col-100 elementor-top-column elementor-element elementor-element-c03639e\" data-id=\"c03639e\" data-element_type=\"column\" data-e-type=\"column\">\n\t\t\t<div class=\"elementor-widget-wrap elementor-element-populated\">\n\t\t\t\t\t\t<div class=\"elementor-element elementor-element-77f895a elementor-widget elementor-widget-image\" data-id=\"77f895a\" data-element_type=\"widget\" data-e-type=\"widget\" data-widget_type=\"image.default\">\n\t\t\t\t<div class=\"elementor-widget-container\">\n\t\t\t\t\t\t\t\t\t\t\t\t\t\t\t<img fetchpriority=\"high\" decoding=\"async\" width=\"3348\" height=\"1326\" src=\"https:\/\/ginestastudio.com\/wp-content\/uploads\/2024\/08\/Captura-de-Pantalla-2024-08-07-a-las-18.50.09.png\" class=\"attachment-full size-full wp-image-636\" alt=\"\" srcset=\"https:\/\/ginestastudio.com\/wp-content\/uploads\/2024\/08\/Captura-de-Pantalla-2024-08-07-a-las-18.50.09.png 3348w, https:\/\/ginestastudio.com\/wp-content\/uploads\/2024\/08\/Captura-de-Pantalla-2024-08-07-a-las-18.50.09-300x119.png 300w, https:\/\/ginestastudio.com\/wp-content\/uploads\/2024\/08\/Captura-de-Pantalla-2024-08-07-a-las-18.50.09-1024x406.png 1024w, https:\/\/ginestastudio.com\/wp-content\/uploads\/2024\/08\/Captura-de-Pantalla-2024-08-07-a-las-18.50.09-768x304.png 768w, https:\/\/ginestastudio.com\/wp-content\/uploads\/2024\/08\/Captura-de-Pantalla-2024-08-07-a-las-18.50.09-1536x608.png 1536w, https:\/\/ginestastudio.com\/wp-content\/uploads\/2024\/08\/Captura-de-Pantalla-2024-08-07-a-las-18.50.09-2048x811.png 2048w\" sizes=\"(max-width: 3348px) 100vw, 3348px\" \/>\t\t\t\t\t\t\t\t\t\t\t\t\t\t\t<\/div>\n\t\t\t\t<\/div>\n\t\t\t\t\t<\/div>\n\t\t<\/div>\n\t\t\t\t\t<\/div>\n\t\t<\/section>\n\t\t\t\t<section class=\"elementor-section elementor-top-section elementor-element elementor-element-5b9ead2 elementor-section-full_width elementor-section-height-min-height elementor-section-items-top elementor-hidden-desktop elementor-section-height-default\" data-id=\"5b9ead2\" data-element_type=\"section\" data-e-type=\"section\" data-settings=\"{&quot;background_background&quot;:&quot;classic&quot;}\">\n\t\t\t\t\t\t<div class=\"elementor-container elementor-column-gap-default\">\n\t\t\t\t\t<div class=\"elementor-column elementor-col-50 elementor-top-column elementor-element elementor-element-1412c73\" data-id=\"1412c73\" data-element_type=\"column\" data-e-type=\"column\">\n\t\t\t<div class=\"elementor-widget-wrap elementor-element-populated\">\n\t\t\t\t\t\t<section class=\"elementor-section elementor-inner-section elementor-element elementor-element-242260d elementor-section-boxed elementor-section-height-default elementor-section-height-default\" data-id=\"242260d\" data-element_type=\"section\" data-e-type=\"section\">\n\t\t\t\t\t\t<div class=\"elementor-container elementor-column-gap-default\">\n\t\t\t\t\t<div class=\"elementor-column elementor-col-100 elementor-inner-column elementor-element elementor-element-794d949\" data-id=\"794d949\" data-element_type=\"column\" data-e-type=\"column\">\n\t\t\t<div class=\"elementor-widget-wrap elementor-element-populated\">\n\t\t\t\t\t\t<div class=\"elementor-element elementor-element-d675d51 elementor-widget elementor-widget-heading\" data-id=\"d675d51\" data-element_type=\"widget\" data-e-type=\"widget\" data-widget_type=\"heading.default\">\n\t\t\t\t<div class=\"elementor-widget-container\">\n\t\t\t\t\t<h2 class=\"elementor-heading-title elementor-size-default\">Trece Studio<\/h2>\t\t\t\t<\/div>\n\t\t\t\t<\/div>\n\t\t\t\t<div class=\"elementor-element elementor-element-3bc1f2a elementor-widget elementor-widget-text-editor\" data-id=\"3bc1f2a\" data-element_type=\"widget\" data-e-type=\"widget\" data-widget_type=\"text-editor.default\">\n\t\t\t\t<div class=\"elementor-widget-container\">\n\t\t\t\t\t\t\t\t\t<p><strong>Este proyecto presenta nuestra colaboraci\u00f3n en el dise\u00f1o web con Trece Studio, una agencia de fotograf\u00eda, branding y creaci\u00f3n de contenido para redes sociales.<\/strong><\/p><p><strong>Descripci\u00f3n del proyecto<\/strong><br \/>Para este proyecto, nos centramos en dise\u00f1ar secciones clave e interacciones para el sitio web de Trece Studio. Conocido por su est\u00e9tica minimalista y branding monocrom\u00e1tico, Trece Studio buscaba una experiencia web simple pero refinada que estuviera alineada con su identidad limpia y elegante.<\/p><p>El objetivo principal era crear interacciones sutiles y f\u00e1ciles de usar que mejoraran la experiencia de navegaci\u00f3n sin abrumar al usuario. Dise\u00f1amos una interacci\u00f3n de carga suave para la p\u00e1gina de inicio, creando una introducci\u00f3n fluida al contenido del sitio, as\u00ed como una interacci\u00f3n de men\u00fa intuitiva que reflejara la sofisticada simplicidad del estudio.<\/p><p>El resultado es un sitio web que encarna la filosof\u00eda minimalista de Trece Studio, equilibrando el dise\u00f1o funcional con la elegancia discreta para mostrar perfectamente su trabajo creativo.<\/p>\t\t\t\t\t\t\t\t<\/div>\n\t\t\t\t<\/div>\n\t\t\t\t\t<\/div>\n\t\t<\/div>\n\t\t\t\t\t<\/div>\n\t\t<\/section>\n\t\t\t\t\t<\/div>\n\t\t<\/div>\n\t\t\t\t<div class=\"elementor-column elementor-col-50 elementor-top-column elementor-element elementor-element-5cc2dd4\" data-id=\"5cc2dd4\" data-element_type=\"column\" data-e-type=\"column\" data-settings=\"{&quot;motion_fx_motion_fx_scrolling&quot;:&quot;yes&quot;,&quot;motion_fx_devices&quot;:[&quot;desktop&quot;,&quot;tablet&quot;,&quot;mobile&quot;]}\">\n\t\t\t<div class=\"elementor-widget-wrap elementor-element-populated\">\n\t\t\t\t\t\t<div class=\"elementor-element elementor-element-1bc8bbe elementor-widget elementor-widget-video\" data-id=\"1bc8bbe\" data-element_type=\"widget\" data-e-type=\"widget\" data-settings=\"{&quot;video_type&quot;:&quot;hosted&quot;,&quot;autoplay&quot;:&quot;yes&quot;,&quot;loop&quot;:&quot;yes&quot;,&quot;mute&quot;:&quot;yes&quot;,&quot;play_on_mobile&quot;:&quot;yes&quot;}\" data-widget_type=\"video.default\">\n\t\t\t\t<div class=\"elementor-widget-container\">\n\t\t\t\t\t\t\t<div class=\"e-hosted-video elementor-wrapper elementor-open-inline\">\n\t\t\t\t\t<video class=\"elementor-video\" src=\"http:\/\/ginestastudio.com\/wp-content\/uploads\/2024\/08\/home-trece.mp4\" autoplay=\"\" loop=\"\" muted=\"muted\" playsinline=\"\" controlsList=\"nodownload\"><\/video>\n\t\t\t\t<\/div>\n\t\t\t\t\t\t<\/div>\n\t\t\t\t<\/div>\n\t\t\t\t<section class=\"elementor-section elementor-inner-section elementor-element elementor-element-5b65b93 elementor-section-full_width elementor-section-height-default elementor-section-height-default\" data-id=\"5b65b93\" data-element_type=\"section\" data-e-type=\"section\">\n\t\t\t\t\t\t<div class=\"elementor-container elementor-column-gap-no\">\n\t\t\t\t\t<div class=\"elementor-column elementor-col-50 elementor-inner-column elementor-element elementor-element-7c9d1aa\" data-id=\"7c9d1aa\" data-element_type=\"column\" data-e-type=\"column\">\n\t\t\t<div class=\"elementor-widget-wrap elementor-element-populated\">\n\t\t\t\t\t\t<div class=\"elementor-element elementor-element-3d4d9ed elementor-hidden-mobile elementor-widget elementor-widget-image\" data-id=\"3d4d9ed\" data-element_type=\"widget\" data-e-type=\"widget\" data-widget_type=\"image.default\">\n\t\t\t\t<div class=\"elementor-widget-container\">\n\t\t\t\t\t\t\t\t\t\t\t\t\t\t\t<img decoding=\"async\" width=\"800\" height=\"405\" src=\"https:\/\/ginestastudio.com\/wp-content\/uploads\/2024\/08\/Black-and-White-Phone-Mockup-Webinar-Promotion-Instagram-Story-3-e1735915071796-1024x519.png\" class=\"attachment-large size-large wp-image-635\" alt=\"\" srcset=\"https:\/\/ginestastudio.com\/wp-content\/uploads\/2024\/08\/Black-and-White-Phone-Mockup-Webinar-Promotion-Instagram-Story-3-e1735915071796-1024x519.png 1024w, https:\/\/ginestastudio.com\/wp-content\/uploads\/2024\/08\/Black-and-White-Phone-Mockup-Webinar-Promotion-Instagram-Story-3-e1735915071796-300x152.png 300w, https:\/\/ginestastudio.com\/wp-content\/uploads\/2024\/08\/Black-and-White-Phone-Mockup-Webinar-Promotion-Instagram-Story-3-e1735915071796-768x389.png 768w, https:\/\/ginestastudio.com\/wp-content\/uploads\/2024\/08\/Black-and-White-Phone-Mockup-Webinar-Promotion-Instagram-Story-3-e1735915071796.png 1080w\" sizes=\"(max-width: 800px) 100vw, 800px\" \/>\t\t\t\t\t\t\t\t\t\t\t\t\t\t\t<\/div>\n\t\t\t\t<\/div>\n\t\t\t\t<div class=\"elementor-element elementor-element-0807974 elementor-hidden-desktop elementor-hidden-tablet elementor-widget elementor-widget-image\" data-id=\"0807974\" data-element_type=\"widget\" data-e-type=\"widget\" data-widget_type=\"image.default\">\n\t\t\t\t<div class=\"elementor-widget-container\">\n\t\t\t\t\t\t\t\t\t\t\t\t\t\t\t<img decoding=\"async\" width=\"800\" height=\"405\" src=\"https:\/\/ginestastudio.com\/wp-content\/uploads\/2024\/08\/Black-and-White-Phone-Mockup-Webinar-Promotion-Instagram-Story-3-e1735915071796-1024x519.png\" class=\"attachment-large size-large wp-image-635\" alt=\"\" srcset=\"https:\/\/ginestastudio.com\/wp-content\/uploads\/2024\/08\/Black-and-White-Phone-Mockup-Webinar-Promotion-Instagram-Story-3-e1735915071796-1024x519.png 1024w, https:\/\/ginestastudio.com\/wp-content\/uploads\/2024\/08\/Black-and-White-Phone-Mockup-Webinar-Promotion-Instagram-Story-3-e1735915071796-300x152.png 300w, https:\/\/ginestastudio.com\/wp-content\/uploads\/2024\/08\/Black-and-White-Phone-Mockup-Webinar-Promotion-Instagram-Story-3-e1735915071796-768x389.png 768w, https:\/\/ginestastudio.com\/wp-content\/uploads\/2024\/08\/Black-and-White-Phone-Mockup-Webinar-Promotion-Instagram-Story-3-e1735915071796.png 1080w\" sizes=\"(max-width: 800px) 100vw, 800px\" \/>\t\t\t\t\t\t\t\t\t\t\t\t\t\t\t<\/div>\n\t\t\t\t<\/div>\n\t\t\t\t\t<\/div>\n\t\t<\/div>\n\t\t\t\t<div class=\"elementor-column elementor-col-50 elementor-inner-column elementor-element elementor-element-0aba2e3\" data-id=\"0aba2e3\" data-element_type=\"column\" data-e-type=\"column\">\n\t\t\t<div class=\"elementor-widget-wrap elementor-element-populated\">\n\t\t\t\t\t\t<div class=\"elementor-element elementor-element-3059f4a elementor-widget elementor-widget-image\" data-id=\"3059f4a\" data-element_type=\"widget\" data-e-type=\"widget\" data-widget_type=\"image.default\">\n\t\t\t\t<div class=\"elementor-widget-container\">\n\t\t\t\t\t\t\t\t\t\t\t\t\t\t\t<img decoding=\"async\" width=\"576\" height=\"1024\" src=\"https:\/\/ginestastudio.com\/wp-content\/uploads\/2024\/08\/Black-and-White-Phone-Mockup-Webinar-Promotion-Instagram-Story-4-576x1024.png\" class=\"attachment-large size-large wp-image-644\" alt=\"\" srcset=\"https:\/\/ginestastudio.com\/wp-content\/uploads\/2024\/08\/Black-and-White-Phone-Mockup-Webinar-Promotion-Instagram-Story-4-576x1024.png 576w, https:\/\/ginestastudio.com\/wp-content\/uploads\/2024\/08\/Black-and-White-Phone-Mockup-Webinar-Promotion-Instagram-Story-4-169x300.png 169w, https:\/\/ginestastudio.com\/wp-content\/uploads\/2024\/08\/Black-and-White-Phone-Mockup-Webinar-Promotion-Instagram-Story-4-768x1365.png 768w, https:\/\/ginestastudio.com\/wp-content\/uploads\/2024\/08\/Black-and-White-Phone-Mockup-Webinar-Promotion-Instagram-Story-4-864x1536.png 864w, https:\/\/ginestastudio.com\/wp-content\/uploads\/2024\/08\/Black-and-White-Phone-Mockup-Webinar-Promotion-Instagram-Story-4.png 1080w\" sizes=\"(max-width: 576px) 100vw, 576px\" \/>\t\t\t\t\t\t\t\t\t\t\t\t\t\t\t<\/div>\n\t\t\t\t<\/div>\n\t\t\t\t\t<\/div>\n\t\t<\/div>\n\t\t\t\t\t<\/div>\n\t\t<\/section>\n\t\t\t\t<div class=\"elementor-element elementor-element-b69e2e3 elementor-widget elementor-widget-video\" data-id=\"b69e2e3\" data-element_type=\"widget\" data-e-type=\"widget\" data-settings=\"{&quot;video_type&quot;:&quot;hosted&quot;,&quot;autoplay&quot;:&quot;yes&quot;,&quot;loop&quot;:&quot;yes&quot;,&quot;mute&quot;:&quot;yes&quot;,&quot;play_on_mobile&quot;:&quot;yes&quot;}\" data-widget_type=\"video.default\">\n\t\t\t\t<div class=\"elementor-widget-container\">\n\t\t\t\t\t\t\t<div class=\"e-hosted-video elementor-wrapper elementor-open-inline\">\n\t\t\t\t\t<video class=\"elementor-video\" src=\"http:\/\/ginestastudio.com\/wp-content\/uploads\/2024\/08\/Diseno-sin-titulo-4.mp4\" autoplay=\"\" loop=\"\" muted=\"muted\" playsinline=\"\" controlsList=\"nodownload\"><\/video>\n\t\t\t\t<\/div>\n\t\t\t\t\t\t<\/div>\n\t\t\t\t<\/div>\n\t\t\t\t\t<\/div>\n\t\t<\/div>\n\t\t\t\t\t<\/div>\n\t\t<\/section>\n\t\t\t\t<section class=\"elementor-section elementor-top-section elementor-element elementor-element-0efb0ce elementor-section-full_width elementor-section-height-min-height elementor-section-items-top elementor-hidden-tablet elementor-hidden-mobile elementor-section-height-default\" data-id=\"0efb0ce\" data-element_type=\"section\" data-e-type=\"section\" data-settings=\"{&quot;background_background&quot;:&quot;classic&quot;}\">\n\t\t\t\t\t\t<div class=\"elementor-container elementor-column-gap-default\">\n\t\t\t\t\t<div class=\"elementor-column elementor-col-50 elementor-top-column elementor-element elementor-element-23edef5\" data-id=\"23edef5\" data-element_type=\"column\" data-e-type=\"column\">\n\t\t\t<div class=\"elementor-widget-wrap elementor-element-populated\">\n\t\t\t\t\t\t<section class=\"elementor-section elementor-inner-section elementor-element elementor-element-510e2af elementor-section-boxed elementor-section-height-default elementor-section-height-default\" data-id=\"510e2af\" data-element_type=\"section\" data-e-type=\"section\" data-settings=\"{&quot;sticky&quot;:&quot;top&quot;,&quot;sticky_offset&quot;:55,&quot;sticky_on&quot;:[&quot;desktop&quot;,&quot;tablet&quot;,&quot;mobile&quot;],&quot;sticky_effects_offset&quot;:0,&quot;sticky_anchor_link_offset&quot;:0}\">\n\t\t\t\t\t\t<div class=\"elementor-container elementor-column-gap-default\">\n\t\t\t\t\t<div class=\"elementor-column elementor-col-100 elementor-inner-column elementor-element elementor-element-6b067e3\" data-id=\"6b067e3\" data-element_type=\"column\" data-e-type=\"column\">\n\t\t\t<div class=\"elementor-widget-wrap elementor-element-populated\">\n\t\t\t\t\t\t<div class=\"elementor-element elementor-element-0fc42e6 elementor-widget elementor-widget-heading\" data-id=\"0fc42e6\" data-element_type=\"widget\" data-e-type=\"widget\" data-widget_type=\"heading.default\">\n\t\t\t\t<div class=\"elementor-widget-container\">\n\t\t\t\t\t<h2 class=\"elementor-heading-title elementor-size-default\">Trece Studio<\/h2>\t\t\t\t<\/div>\n\t\t\t\t<\/div>\n\t\t\t\t<div class=\"elementor-element elementor-element-6fcf0c1 elementor-widget elementor-widget-text-editor\" data-id=\"6fcf0c1\" data-element_type=\"widget\" data-e-type=\"widget\" data-widget_type=\"text-editor.default\">\n\t\t\t\t<div class=\"elementor-widget-container\">\n\t\t\t\t\t\t\t\t\t<p><strong>Este proyecto presenta nuestra colaboraci\u00f3n en el dise\u00f1o web con Trece Studio, una agencia de fotograf\u00eda, branding y creaci\u00f3n de contenido para redes sociales.<\/strong><\/p><p><strong>Descripci\u00f3n del proyecto<\/strong><br \/>Para este proyecto, nos centramos en dise\u00f1ar secciones clave e interacciones para el sitio web de Trece Studio. Conocido por su est\u00e9tica minimalista y branding monocrom\u00e1tico, Trece Studio buscaba una experiencia web simple pero refinada que estuviera alineada con su identidad limpia y elegante.<\/p><p>El objetivo principal era crear interacciones sutiles y f\u00e1ciles de usar que mejoraran la experiencia de navegaci\u00f3n sin abrumar al usuario. Dise\u00f1amos una interacci\u00f3n de carga suave para la p\u00e1gina de inicio, creando una introducci\u00f3n fluida al contenido del sitio, as\u00ed como una interacci\u00f3n de men\u00fa intuitiva que reflejara la sofisticada simplicidad del estudio.<\/p><p>El resultado es un sitio web que encarna la filosof\u00eda minimalista de Trece Studio, equilibrando el dise\u00f1o funcional con la elegancia discreta para mostrar perfectamente su trabajo creativo.<\/p>\t\t\t\t\t\t\t\t<\/div>\n\t\t\t\t<\/div>\n\t\t\t\t\t<\/div>\n\t\t<\/div>\n\t\t\t\t\t<\/div>\n\t\t<\/section>\n\t\t\t\t\t<\/div>\n\t\t<\/div>\n\t\t\t\t<div class=\"elementor-column elementor-col-50 elementor-top-column elementor-element elementor-element-268de28\" data-id=\"268de28\" data-element_type=\"column\" data-e-type=\"column\" data-settings=\"{&quot;motion_fx_motion_fx_scrolling&quot;:&quot;yes&quot;,&quot;motion_fx_devices&quot;:[&quot;desktop&quot;,&quot;tablet&quot;,&quot;mobile&quot;]}\">\n\t\t\t<div class=\"elementor-widget-wrap elementor-element-populated\">\n\t\t\t\t\t\t<div class=\"elementor-element elementor-element-636f245 elementor-widget elementor-widget-video\" data-id=\"636f245\" data-element_type=\"widget\" data-e-type=\"widget\" data-settings=\"{&quot;video_type&quot;:&quot;hosted&quot;,&quot;autoplay&quot;:&quot;yes&quot;,&quot;loop&quot;:&quot;yes&quot;,&quot;mute&quot;:&quot;yes&quot;,&quot;play_on_mobile&quot;:&quot;yes&quot;}\" data-widget_type=\"video.default\">\n\t\t\t\t<div class=\"elementor-widget-container\">\n\t\t\t\t\t\t\t<div class=\"e-hosted-video elementor-wrapper elementor-open-inline\">\n\t\t\t\t\t<video class=\"elementor-video\" src=\"http:\/\/ginestastudio.com\/wp-content\/uploads\/2024\/08\/home-trece.mp4\" autoplay=\"\" loop=\"\" muted=\"muted\" playsinline=\"\" controlsList=\"nodownload\"><\/video>\n\t\t\t\t<\/div>\n\t\t\t\t\t\t<\/div>\n\t\t\t\t<\/div>\n\t\t\t\t<section class=\"elementor-section elementor-inner-section elementor-element elementor-element-439ad20 elementor-section-full_width elementor-section-height-default elementor-section-height-default\" data-id=\"439ad20\" data-element_type=\"section\" data-e-type=\"section\">\n\t\t\t\t\t\t<div class=\"elementor-container elementor-column-gap-no\">\n\t\t\t\t\t<div class=\"elementor-column elementor-col-50 elementor-inner-column elementor-element elementor-element-6364e88\" data-id=\"6364e88\" data-element_type=\"column\" data-e-type=\"column\">\n\t\t\t<div class=\"elementor-widget-wrap elementor-element-populated\">\n\t\t\t\t\t\t<div class=\"elementor-element elementor-element-198d747 elementor-hidden-mobile elementor-widget elementor-widget-image\" data-id=\"198d747\" data-element_type=\"widget\" data-e-type=\"widget\" data-widget_type=\"image.default\">\n\t\t\t\t<div class=\"elementor-widget-container\">\n\t\t\t\t\t\t\t\t\t\t\t\t\t\t\t<img decoding=\"async\" width=\"800\" height=\"405\" src=\"https:\/\/ginestastudio.com\/wp-content\/uploads\/2024\/08\/Black-and-White-Phone-Mockup-Webinar-Promotion-Instagram-Story-3-e1735915071796-1024x519.png\" class=\"attachment-large size-large wp-image-635\" alt=\"\" srcset=\"https:\/\/ginestastudio.com\/wp-content\/uploads\/2024\/08\/Black-and-White-Phone-Mockup-Webinar-Promotion-Instagram-Story-3-e1735915071796-1024x519.png 1024w, https:\/\/ginestastudio.com\/wp-content\/uploads\/2024\/08\/Black-and-White-Phone-Mockup-Webinar-Promotion-Instagram-Story-3-e1735915071796-300x152.png 300w, https:\/\/ginestastudio.com\/wp-content\/uploads\/2024\/08\/Black-and-White-Phone-Mockup-Webinar-Promotion-Instagram-Story-3-e1735915071796-768x389.png 768w, https:\/\/ginestastudio.com\/wp-content\/uploads\/2024\/08\/Black-and-White-Phone-Mockup-Webinar-Promotion-Instagram-Story-3-e1735915071796.png 1080w\" sizes=\"(max-width: 800px) 100vw, 800px\" \/>\t\t\t\t\t\t\t\t\t\t\t\t\t\t\t<\/div>\n\t\t\t\t<\/div>\n\t\t\t\t<div class=\"elementor-element elementor-element-0529fef elementor-hidden-desktop elementor-hidden-tablet elementor-widget elementor-widget-image\" data-id=\"0529fef\" data-element_type=\"widget\" data-e-type=\"widget\" data-widget_type=\"image.default\">\n\t\t\t\t<div class=\"elementor-widget-container\">\n\t\t\t\t\t\t\t\t\t\t\t\t\t\t\t<img decoding=\"async\" width=\"800\" height=\"405\" src=\"https:\/\/ginestastudio.com\/wp-content\/uploads\/2024\/08\/Black-and-White-Phone-Mockup-Webinar-Promotion-Instagram-Story-3-e1735915071796-1024x519.png\" class=\"attachment-large size-large wp-image-635\" alt=\"\" srcset=\"https:\/\/ginestastudio.com\/wp-content\/uploads\/2024\/08\/Black-and-White-Phone-Mockup-Webinar-Promotion-Instagram-Story-3-e1735915071796-1024x519.png 1024w, https:\/\/ginestastudio.com\/wp-content\/uploads\/2024\/08\/Black-and-White-Phone-Mockup-Webinar-Promotion-Instagram-Story-3-e1735915071796-300x152.png 300w, https:\/\/ginestastudio.com\/wp-content\/uploads\/2024\/08\/Black-and-White-Phone-Mockup-Webinar-Promotion-Instagram-Story-3-e1735915071796-768x389.png 768w, https:\/\/ginestastudio.com\/wp-content\/uploads\/2024\/08\/Black-and-White-Phone-Mockup-Webinar-Promotion-Instagram-Story-3-e1735915071796.png 1080w\" sizes=\"(max-width: 800px) 100vw, 800px\" \/>\t\t\t\t\t\t\t\t\t\t\t\t\t\t\t<\/div>\n\t\t\t\t<\/div>\n\t\t\t\t\t<\/div>\n\t\t<\/div>\n\t\t\t\t<div class=\"elementor-column elementor-col-50 elementor-inner-column elementor-element elementor-element-a2ae4d7\" data-id=\"a2ae4d7\" data-element_type=\"column\" data-e-type=\"column\">\n\t\t\t<div class=\"elementor-widget-wrap elementor-element-populated\">\n\t\t\t\t\t\t<div class=\"elementor-element elementor-element-30b6a52 elementor-widget elementor-widget-image\" data-id=\"30b6a52\" data-element_type=\"widget\" data-e-type=\"widget\" data-widget_type=\"image.default\">\n\t\t\t\t<div class=\"elementor-widget-container\">\n\t\t\t\t\t\t\t\t\t\t\t\t\t\t\t<img decoding=\"async\" width=\"576\" height=\"1024\" src=\"https:\/\/ginestastudio.com\/wp-content\/uploads\/2024\/08\/Black-and-White-Phone-Mockup-Webinar-Promotion-Instagram-Story-4-576x1024.png\" class=\"attachment-large size-large wp-image-644\" alt=\"\" srcset=\"https:\/\/ginestastudio.com\/wp-content\/uploads\/2024\/08\/Black-and-White-Phone-Mockup-Webinar-Promotion-Instagram-Story-4-576x1024.png 576w, https:\/\/ginestastudio.com\/wp-content\/uploads\/2024\/08\/Black-and-White-Phone-Mockup-Webinar-Promotion-Instagram-Story-4-169x300.png 169w, https:\/\/ginestastudio.com\/wp-content\/uploads\/2024\/08\/Black-and-White-Phone-Mockup-Webinar-Promotion-Instagram-Story-4-768x1365.png 768w, https:\/\/ginestastudio.com\/wp-content\/uploads\/2024\/08\/Black-and-White-Phone-Mockup-Webinar-Promotion-Instagram-Story-4-864x1536.png 864w, https:\/\/ginestastudio.com\/wp-content\/uploads\/2024\/08\/Black-and-White-Phone-Mockup-Webinar-Promotion-Instagram-Story-4.png 1080w\" sizes=\"(max-width: 576px) 100vw, 576px\" \/>\t\t\t\t\t\t\t\t\t\t\t\t\t\t\t<\/div>\n\t\t\t\t<\/div>\n\t\t\t\t\t<\/div>\n\t\t<\/div>\n\t\t\t\t\t<\/div>\n\t\t<\/section>\n\t\t\t\t<div class=\"elementor-element elementor-element-5ad36d9 elementor-widget elementor-widget-video\" data-id=\"5ad36d9\" data-element_type=\"widget\" data-e-type=\"widget\" data-settings=\"{&quot;video_type&quot;:&quot;hosted&quot;,&quot;autoplay&quot;:&quot;yes&quot;,&quot;loop&quot;:&quot;yes&quot;,&quot;mute&quot;:&quot;yes&quot;,&quot;play_on_mobile&quot;:&quot;yes&quot;}\" data-widget_type=\"video.default\">\n\t\t\t\t<div class=\"elementor-widget-container\">\n\t\t\t\t\t\t\t<div class=\"e-hosted-video elementor-wrapper elementor-open-inline\">\n\t\t\t\t\t<video class=\"elementor-video\" src=\"http:\/\/ginestastudio.com\/wp-content\/uploads\/2024\/08\/Diseno-sin-titulo-4.mp4\" autoplay=\"\" loop=\"\" muted=\"muted\" playsinline=\"\" controlsList=\"nodownload\"><\/video>\n\t\t\t\t<\/div>\n\t\t\t\t\t\t<\/div>\n\t\t\t\t<\/div>\n\t\t\t\t\t<\/div>\n\t\t<\/div>\n\t\t\t\t\t<\/div>\n\t\t<\/section>\n\t\t\t\t<\/div>\n\t\t","protected":false},"excerpt":{"rendered":"<p>Trece Studio This case study showcases our web design collaboration with Trece Studio, a photography, branding, and social media content creation agency. Project DescriptionFor this project, we focused on designing key sections and interactions for Trece Studio\u2019s website. Known for its minimalistic aesthetic and monochromatic branding, Trece Studio sought a simple yet refined web experience [&hellip;]<\/p>\n","protected":false},"author":1,"featured_media":0,"parent":0,"menu_order":0,"comment_status":"closed","ping_status":"closed","template":"elementor_header_footer","meta":{"footnotes":""},"class_list":["post-619","page","type-page","status-publish","hentry"],"_links":{"self":[{"href":"https:\/\/ginestastudio.com\/es\/wp-json\/wp\/v2\/pages\/619"}],"collection":[{"href":"https:\/\/ginestastudio.com\/es\/wp-json\/wp\/v2\/pages"}],"about":[{"href":"https:\/\/ginestastudio.com\/es\/wp-json\/wp\/v2\/types\/page"}],"author":[{"embeddable":true,"href":"https:\/\/ginestastudio.com\/es\/wp-json\/wp\/v2\/users\/1"}],"replies":[{"embeddable":true,"href":"https:\/\/ginestastudio.com\/es\/wp-json\/wp\/v2\/comments?post=619"}],"version-history":[{"count":62,"href":"https:\/\/ginestastudio.com\/es\/wp-json\/wp\/v2\/pages\/619\/revisions"}],"predecessor-version":[{"id":1644,"href":"https:\/\/ginestastudio.com\/es\/wp-json\/wp\/v2\/pages\/619\/revisions\/1644"}],"wp:attachment":[{"href":"https:\/\/ginestastudio.com\/es\/wp-json\/wp\/v2\/media?parent=619"}],"curies":[{"name":"wp","href":"https:\/\/api.w.org\/{rel}","templated":true}]}}