{"id":513,"date":"2024-08-07T12:30:42","date_gmt":"2024-08-07T12:30:42","guid":{"rendered":"https:\/\/ginestastudio.com\/?page_id=513"},"modified":"2025-01-14T11:45:41","modified_gmt":"2025-01-14T11:45:41","slug":"agl-estetica","status":"publish","type":"page","link":"https:\/\/ginestastudio.com\/es\/agl-estetica\/","title":{"rendered":"AGL Est\u00e9tica"},"content":{"rendered":"\t\t<div data-elementor-type=\"wp-page\" data-elementor-id=\"513\" class=\"elementor elementor-513\" data-elementor-post-type=\"page\">\n\t\t\t\t\t\t<section class=\"elementor-section elementor-top-section elementor-element elementor-element-9b34744 elementor-section-full_width elementor-section-height-default elementor-section-height-default\" data-id=\"9b34744\" data-element_type=\"section\" data-e-type=\"section\" data-settings=\"{&quot;sticky&quot;:&quot;top&quot;,&quot;sticky_on&quot;:[&quot;desktop&quot;,&quot;tablet&quot;,&quot;mobile&quot;],&quot;sticky_offset&quot;:0,&quot;sticky_effects_offset&quot;:0,&quot;sticky_anchor_link_offset&quot;:0}\">\n\t\t\t\t\t\t<div class=\"elementor-container elementor-column-gap-default\">\n\t\t\t\t\t<div class=\"elementor-column elementor-col-100 elementor-top-column elementor-element elementor-element-e3fd033\" data-id=\"e3fd033\" data-element_type=\"column\" data-e-type=\"column\">\n\t\t\t<div class=\"elementor-widget-wrap elementor-element-populated\">\n\t\t\t\t\t\t<div class=\"elementor-element elementor-element-9e779e1 elementor-widget elementor-widget-image\" data-id=\"9e779e1\" data-element_type=\"widget\" data-e-type=\"widget\" data-widget_type=\"image.default\">\n\t\t\t\t<div class=\"elementor-widget-container\">\n\t\t\t\t\t\t\t\t\t\t\t\t\t\t\t<img fetchpriority=\"high\" decoding=\"async\" width=\"2564\" height=\"1282\" src=\"https:\/\/ginestastudio.com\/wp-content\/uploads\/2024\/08\/Captura-de-Pantalla-2024-08-07-a-las-15.33.20-e1723047059372.png\" class=\"attachment-full size-full wp-image-573\" alt=\"\" srcset=\"https:\/\/ginestastudio.com\/wp-content\/uploads\/2024\/08\/Captura-de-Pantalla-2024-08-07-a-las-15.33.20-e1723047059372.png 2564w, https:\/\/ginestastudio.com\/wp-content\/uploads\/2024\/08\/Captura-de-Pantalla-2024-08-07-a-las-15.33.20-e1723047059372-300x150.png 300w, https:\/\/ginestastudio.com\/wp-content\/uploads\/2024\/08\/Captura-de-Pantalla-2024-08-07-a-las-15.33.20-e1723047059372-1024x512.png 1024w, https:\/\/ginestastudio.com\/wp-content\/uploads\/2024\/08\/Captura-de-Pantalla-2024-08-07-a-las-15.33.20-e1723047059372-768x384.png 768w, https:\/\/ginestastudio.com\/wp-content\/uploads\/2024\/08\/Captura-de-Pantalla-2024-08-07-a-las-15.33.20-e1723047059372-1536x768.png 1536w, https:\/\/ginestastudio.com\/wp-content\/uploads\/2024\/08\/Captura-de-Pantalla-2024-08-07-a-las-15.33.20-e1723047059372-2048x1024.png 2048w\" sizes=\"(max-width: 2564px) 100vw, 2564px\" \/>\t\t\t\t\t\t\t\t\t\t\t\t\t\t\t<\/div>\n\t\t\t\t<\/div>\n\t\t\t\t\t<\/div>\n\t\t<\/div>\n\t\t\t\t\t<\/div>\n\t\t<\/section>\n\t\t\t\t<section class=\"elementor-section elementor-top-section elementor-element elementor-element-9f77457 elementor-section-full_width elementor-section-height-min-height elementor-section-items-top elementor-hidden-desktop elementor-section-height-default\" data-id=\"9f77457\" data-element_type=\"section\" data-e-type=\"section\" data-settings=\"{&quot;background_background&quot;:&quot;classic&quot;}\">\n\t\t\t\t\t\t<div class=\"elementor-container elementor-column-gap-default\">\n\t\t\t\t\t<div class=\"elementor-column elementor-col-50 elementor-top-column elementor-element elementor-element-f1d87fd\" data-id=\"f1d87fd\" data-element_type=\"column\" data-e-type=\"column\">\n\t\t\t<div class=\"elementor-widget-wrap elementor-element-populated\">\n\t\t\t\t\t\t<section class=\"elementor-section elementor-inner-section elementor-element elementor-element-ba1877a elementor-section-boxed elementor-section-height-default elementor-section-height-default\" data-id=\"ba1877a\" data-element_type=\"section\" data-e-type=\"section\">\n\t\t\t\t\t\t<div class=\"elementor-container elementor-column-gap-default\">\n\t\t\t\t\t<div class=\"elementor-column elementor-col-100 elementor-inner-column elementor-element elementor-element-6b6e4c4\" data-id=\"6b6e4c4\" data-element_type=\"column\" data-e-type=\"column\">\n\t\t\t<div class=\"elementor-widget-wrap elementor-element-populated\">\n\t\t\t\t\t\t<div class=\"elementor-element elementor-element-43ca932 elementor-widget elementor-widget-heading\" data-id=\"43ca932\" data-element_type=\"widget\" data-e-type=\"widget\" data-widget_type=\"heading.default\">\n\t\t\t\t<div class=\"elementor-widget-container\">\n\t\t\t\t\t<h2 class=\"elementor-heading-title elementor-size-default\">AGL Est\u00e9tica<\/h2>\t\t\t\t<\/div>\n\t\t\t\t<\/div>\n\t\t\t\t<div class=\"elementor-element elementor-element-9385bd2 elementor-widget elementor-widget-text-editor\" data-id=\"9385bd2\" data-element_type=\"widget\" data-e-type=\"widget\" data-widget_type=\"text-editor.default\">\n\t\t\t\t<div class=\"elementor-widget-container\">\n\t\t\t\t\t\t\t\t\t<p><strong>Este proyecto presenta nuestro concepto de dise\u00f1o web para AGL, un centro avanzado para el cuidado biol\u00f3gico y celular de la piel.<\/strong><\/p><p><strong>Descripci\u00f3n del proyecto<\/strong><br \/>Este proyecto de dise\u00f1o web para AGL refleja el enfoque sofisticado del centro hacia el cuidado hol\u00edstico de la piel, destacando los tratamientos personalizados y la armon\u00eda entre el bienestar interior y la belleza exterior. Inspirado en su branding blanco y dorado, el dise\u00f1o equilibra el minimalismo con el lujo.<\/p><p>El sitio web resalta el uso de marcas premium como Biologique Recherche y Cellcosmet, mostrando sus productos innovadores y de alto rendimiento, adaptados a cada tipo de piel \u00fanico. Ofrece una experiencia de usuario fluida, permitiendo a los visitantes explorar los servicios, aprender sobre la ciencia detr\u00e1s de sus m\u00e9todos y reservar tratamientos de manera sencilla.<\/p><p>Combinando funcionalidad con elegancia est\u00e9tica, el sitio captura el compromiso de AGL con una atenci\u00f3n excepcional y experiencias premium para los clientes.<\/p>\t\t\t\t\t\t\t\t<\/div>\n\t\t\t\t<\/div>\n\t\t\t\t\t<\/div>\n\t\t<\/div>\n\t\t\t\t\t<\/div>\n\t\t<\/section>\n\t\t\t\t\t<\/div>\n\t\t<\/div>\n\t\t\t\t<div class=\"elementor-column elementor-col-50 elementor-top-column elementor-element elementor-element-40e1919\" data-id=\"40e1919\" data-element_type=\"column\" data-e-type=\"column\" data-settings=\"{&quot;motion_fx_motion_fx_scrolling&quot;:&quot;yes&quot;,&quot;motion_fx_devices&quot;:[&quot;desktop&quot;,&quot;tablet&quot;,&quot;mobile&quot;]}\">\n\t\t\t<div class=\"elementor-widget-wrap elementor-element-populated\">\n\t\t\t\t\t\t<div class=\"elementor-element elementor-element-ff3b617 elementor-widget elementor-widget-video\" data-id=\"ff3b617\" data-element_type=\"widget\" data-e-type=\"widget\" data-settings=\"{&quot;video_type&quot;:&quot;hosted&quot;,&quot;autoplay&quot;:&quot;yes&quot;,&quot;loop&quot;:&quot;yes&quot;,&quot;mute&quot;:&quot;yes&quot;,&quot;play_on_mobile&quot;:&quot;yes&quot;}\" data-widget_type=\"video.default\">\n\t\t\t\t<div class=\"elementor-widget-container\">\n\t\t\t\t\t\t\t<div class=\"e-hosted-video elementor-wrapper elementor-open-inline\">\n\t\t\t\t\t<video class=\"elementor-video\" src=\"http:\/\/ginestastudio.com\/wp-content\/uploads\/2024\/08\/Diseno-sin-titulo-1.mp4\" autoplay=\"\" loop=\"\" muted=\"muted\" playsinline=\"\" controlsList=\"nodownload\"><\/video>\n\t\t\t\t<\/div>\n\t\t\t\t\t\t<\/div>\n\t\t\t\t<\/div>\n\t\t\t\t<div class=\"elementor-element elementor-element-a50dc41 elementor-widget elementor-widget-video\" data-id=\"a50dc41\" data-element_type=\"widget\" data-e-type=\"widget\" data-settings=\"{&quot;video_type&quot;:&quot;hosted&quot;,&quot;autoplay&quot;:&quot;yes&quot;,&quot;loop&quot;:&quot;yes&quot;,&quot;mute&quot;:&quot;yes&quot;,&quot;play_on_mobile&quot;:&quot;yes&quot;}\" data-widget_type=\"video.default\">\n\t\t\t\t<div class=\"elementor-widget-container\">\n\t\t\t\t\t\t\t<div class=\"e-hosted-video elementor-wrapper elementor-open-inline\">\n\t\t\t\t\t<video class=\"elementor-video\" src=\"http:\/\/ginestastudio.com\/wp-content\/uploads\/2024\/08\/Grabacion-de-pantalla-2024-08-07-a-las-15.11.20.mov\" autoplay=\"\" loop=\"\" muted=\"muted\" playsinline=\"\" controlsList=\"nodownload\"><\/video>\n\t\t\t\t<\/div>\n\t\t\t\t\t\t<\/div>\n\t\t\t\t<\/div>\n\t\t\t\t<section class=\"elementor-section elementor-inner-section elementor-element elementor-element-d2221f3 elementor-section-full_width elementor-section-height-default elementor-section-height-default\" data-id=\"d2221f3\" data-element_type=\"section\" data-e-type=\"section\">\n\t\t\t\t\t\t<div class=\"elementor-container elementor-column-gap-no\">\n\t\t\t\t\t<div class=\"elementor-column elementor-col-50 elementor-inner-column elementor-element elementor-element-3bb5fe9\" data-id=\"3bb5fe9\" data-element_type=\"column\" data-e-type=\"column\">\n\t\t\t<div class=\"elementor-widget-wrap elementor-element-populated\">\n\t\t\t\t\t\t<div class=\"elementor-element elementor-element-85b206d elementor-widget__width-initial elementor-widget elementor-widget-video\" data-id=\"85b206d\" data-element_type=\"widget\" data-e-type=\"widget\" data-settings=\"{&quot;video_type&quot;:&quot;hosted&quot;,&quot;autoplay&quot;:&quot;yes&quot;,&quot;loop&quot;:&quot;yes&quot;,&quot;mute&quot;:&quot;yes&quot;,&quot;play_on_mobile&quot;:&quot;yes&quot;}\" data-widget_type=\"video.default\">\n\t\t\t\t<div class=\"elementor-widget-container\">\n\t\t\t\t\t\t\t<div class=\"e-hosted-video elementor-wrapper elementor-open-inline\">\n\t\t\t\t\t<video class=\"elementor-video\" src=\"http:\/\/ginestastudio.com\/wp-content\/uploads\/2024\/08\/Black-and-White-Phone-Mockup-Webinar-Promotion-Instagram-Story-1.mp4\" autoplay=\"\" loop=\"\" muted=\"muted\" playsinline=\"\" controlsList=\"nodownload\"><\/video>\n\t\t\t\t<\/div>\n\t\t\t\t\t\t<\/div>\n\t\t\t\t<\/div>\n\t\t\t\t\t<\/div>\n\t\t<\/div>\n\t\t\t\t<div class=\"elementor-column elementor-col-50 elementor-inner-column elementor-element elementor-element-ca2572e\" data-id=\"ca2572e\" data-element_type=\"column\" data-e-type=\"column\">\n\t\t\t<div class=\"elementor-widget-wrap elementor-element-populated\">\n\t\t\t\t\t\t<div class=\"elementor-element elementor-element-ba26c9e elementor-widget elementor-widget-image\" data-id=\"ba26c9e\" data-element_type=\"widget\" data-e-type=\"widget\" data-widget_type=\"image.default\">\n\t\t\t\t<div class=\"elementor-widget-container\">\n\t\t\t\t\t\t\t\t\t\t\t\t\t\t\t<img decoding=\"async\" width=\"576\" height=\"1024\" src=\"https:\/\/ginestastudio.com\/wp-content\/uploads\/2024\/08\/Black-and-White-Phone-Mockup-Webinar-Promotion-Instagram-Story-1-1-576x1024.png\" class=\"attachment-large size-large wp-image-561\" alt=\"\" srcset=\"https:\/\/ginestastudio.com\/wp-content\/uploads\/2024\/08\/Black-and-White-Phone-Mockup-Webinar-Promotion-Instagram-Story-1-1-576x1024.png 576w, https:\/\/ginestastudio.com\/wp-content\/uploads\/2024\/08\/Black-and-White-Phone-Mockup-Webinar-Promotion-Instagram-Story-1-1-169x300.png 169w, https:\/\/ginestastudio.com\/wp-content\/uploads\/2024\/08\/Black-and-White-Phone-Mockup-Webinar-Promotion-Instagram-Story-1-1-768x1365.png 768w, https:\/\/ginestastudio.com\/wp-content\/uploads\/2024\/08\/Black-and-White-Phone-Mockup-Webinar-Promotion-Instagram-Story-1-1-864x1536.png 864w, https:\/\/ginestastudio.com\/wp-content\/uploads\/2024\/08\/Black-and-White-Phone-Mockup-Webinar-Promotion-Instagram-Story-1-1.png 1080w\" sizes=\"(max-width: 576px) 100vw, 576px\" \/>\t\t\t\t\t\t\t\t\t\t\t\t\t\t\t<\/div>\n\t\t\t\t<\/div>\n\t\t\t\t\t<\/div>\n\t\t<\/div>\n\t\t\t\t\t<\/div>\n\t\t<\/section>\n\t\t\t\t<div class=\"elementor-element elementor-element-21b1dea elementor-widget elementor-widget-image\" data-id=\"21b1dea\" data-element_type=\"widget\" data-e-type=\"widget\" data-widget_type=\"image.default\">\n\t\t\t\t<div class=\"elementor-widget-container\">\n\t\t\t\t\t\t\t\t\t\t\t\t\t\t\t<img decoding=\"async\" width=\"800\" height=\"370\" src=\"https:\/\/ginestastudio.com\/wp-content\/uploads\/2024\/08\/Captura-de-Pantalla-2024-08-07-a-las-15.28.22-1024x474.png\" class=\"attachment-large size-large wp-image-565\" alt=\"\" srcset=\"https:\/\/ginestastudio.com\/wp-content\/uploads\/2024\/08\/Captura-de-Pantalla-2024-08-07-a-las-15.28.22-1024x474.png 1024w, https:\/\/ginestastudio.com\/wp-content\/uploads\/2024\/08\/Captura-de-Pantalla-2024-08-07-a-las-15.28.22-300x139.png 300w, https:\/\/ginestastudio.com\/wp-content\/uploads\/2024\/08\/Captura-de-Pantalla-2024-08-07-a-las-15.28.22-768x355.png 768w, https:\/\/ginestastudio.com\/wp-content\/uploads\/2024\/08\/Captura-de-Pantalla-2024-08-07-a-las-15.28.22-1536x711.png 1536w, https:\/\/ginestastudio.com\/wp-content\/uploads\/2024\/08\/Captura-de-Pantalla-2024-08-07-a-las-15.28.22-2048x947.png 2048w\" sizes=\"(max-width: 800px) 100vw, 800px\" \/>\t\t\t\t\t\t\t\t\t\t\t\t\t\t\t<\/div>\n\t\t\t\t<\/div>\n\t\t\t\t\t<\/div>\n\t\t<\/div>\n\t\t\t\t\t<\/div>\n\t\t<\/section>\n\t\t\t\t<section class=\"elementor-section elementor-top-section elementor-element elementor-element-79d7854 elementor-section-full_width elementor-section-height-min-height elementor-section-items-top elementor-hidden-tablet elementor-hidden-mobile elementor-section-height-default\" data-id=\"79d7854\" data-element_type=\"section\" data-e-type=\"section\" data-settings=\"{&quot;background_background&quot;:&quot;classic&quot;}\">\n\t\t\t\t\t\t<div class=\"elementor-container elementor-column-gap-default\">\n\t\t\t\t\t<div class=\"elementor-column elementor-col-50 elementor-top-column elementor-element elementor-element-c3cdc0d\" data-id=\"c3cdc0d\" data-element_type=\"column\" data-e-type=\"column\">\n\t\t\t<div class=\"elementor-widget-wrap elementor-element-populated\">\n\t\t\t\t\t\t<section class=\"elementor-section elementor-inner-section elementor-element elementor-element-b5875c1 elementor-section-boxed elementor-section-height-default elementor-section-height-default\" data-id=\"b5875c1\" data-element_type=\"section\" data-e-type=\"section\" data-settings=\"{&quot;sticky&quot;:&quot;top&quot;,&quot;sticky_offset&quot;:55,&quot;sticky_on&quot;:[&quot;desktop&quot;,&quot;tablet&quot;,&quot;mobile&quot;],&quot;sticky_effects_offset&quot;:0,&quot;sticky_anchor_link_offset&quot;:0}\">\n\t\t\t\t\t\t<div class=\"elementor-container elementor-column-gap-default\">\n\t\t\t\t\t<div class=\"elementor-column elementor-col-100 elementor-inner-column elementor-element elementor-element-d8142b5\" data-id=\"d8142b5\" data-element_type=\"column\" data-e-type=\"column\">\n\t\t\t<div class=\"elementor-widget-wrap elementor-element-populated\">\n\t\t\t\t\t\t<div class=\"elementor-element elementor-element-919863f elementor-widget elementor-widget-heading\" data-id=\"919863f\" data-element_type=\"widget\" data-e-type=\"widget\" data-widget_type=\"heading.default\">\n\t\t\t\t<div class=\"elementor-widget-container\">\n\t\t\t\t\t<h2 class=\"elementor-heading-title elementor-size-default\">AGL Est\u00e9tica<\/h2>\t\t\t\t<\/div>\n\t\t\t\t<\/div>\n\t\t\t\t<div class=\"elementor-element elementor-element-e1151f5 elementor-widget elementor-widget-text-editor\" data-id=\"e1151f5\" data-element_type=\"widget\" data-e-type=\"widget\" data-widget_type=\"text-editor.default\">\n\t\t\t\t<div class=\"elementor-widget-container\">\n\t\t\t\t\t\t\t\t\t<p><strong>Este proyecto presenta nuestro concepto de dise\u00f1o web para AGL, un centro avanzado para el cuidado biol\u00f3gico y celular de la piel.<\/strong><\/p><p><strong>Descripci\u00f3n del proyecto<\/strong><br \/>Este proyecto de dise\u00f1o web para AGL refleja el enfoque sofisticado del centro hacia el cuidado hol\u00edstico de la piel, destacando los tratamientos personalizados y la armon\u00eda entre el bienestar interior y la belleza exterior. Inspirado en su branding blanco y dorado, el dise\u00f1o equilibra el minimalismo con el lujo.<\/p><p>El sitio web resalta el uso de marcas premium como Biologique Recherche y Cellcosmet, mostrando sus productos innovadores y de alto rendimiento, adaptados a cada tipo de piel \u00fanico. Ofrece una experiencia de usuario fluida, permitiendo a los visitantes explorar los servicios, aprender sobre la ciencia detr\u00e1s de sus m\u00e9todos y reservar tratamientos de manera sencilla.<\/p><p>Combinando funcionalidad con elegancia est\u00e9tica, el sitio captura el compromiso de AGL con una atenci\u00f3n excepcional y experiencias premium para los clientes.<\/p>\t\t\t\t\t\t\t\t<\/div>\n\t\t\t\t<\/div>\n\t\t\t\t\t<\/div>\n\t\t<\/div>\n\t\t\t\t\t<\/div>\n\t\t<\/section>\n\t\t\t\t\t<\/div>\n\t\t<\/div>\n\t\t\t\t<div class=\"elementor-column elementor-col-50 elementor-top-column elementor-element elementor-element-bff0839\" data-id=\"bff0839\" data-element_type=\"column\" data-e-type=\"column\" data-settings=\"{&quot;motion_fx_motion_fx_scrolling&quot;:&quot;yes&quot;,&quot;motion_fx_devices&quot;:[&quot;desktop&quot;,&quot;tablet&quot;,&quot;mobile&quot;]}\">\n\t\t\t<div class=\"elementor-widget-wrap elementor-element-populated\">\n\t\t\t\t\t\t<div class=\"elementor-element elementor-element-dc94b30 elementor-widget elementor-widget-video\" data-id=\"dc94b30\" data-element_type=\"widget\" data-e-type=\"widget\" data-settings=\"{&quot;video_type&quot;:&quot;hosted&quot;,&quot;autoplay&quot;:&quot;yes&quot;,&quot;loop&quot;:&quot;yes&quot;,&quot;mute&quot;:&quot;yes&quot;,&quot;play_on_mobile&quot;:&quot;yes&quot;}\" data-widget_type=\"video.default\">\n\t\t\t\t<div class=\"elementor-widget-container\">\n\t\t\t\t\t\t\t<div class=\"e-hosted-video elementor-wrapper elementor-open-inline\">\n\t\t\t\t\t<video class=\"elementor-video\" src=\"http:\/\/ginestastudio.com\/wp-content\/uploads\/2024\/08\/Diseno-sin-titulo-1.mp4\" autoplay=\"\" loop=\"\" muted=\"muted\" playsinline=\"\" controlsList=\"nodownload\"><\/video>\n\t\t\t\t<\/div>\n\t\t\t\t\t\t<\/div>\n\t\t\t\t<\/div>\n\t\t\t\t<div class=\"elementor-element elementor-element-d4aad76 elementor-widget elementor-widget-video\" data-id=\"d4aad76\" data-element_type=\"widget\" data-e-type=\"widget\" data-settings=\"{&quot;video_type&quot;:&quot;hosted&quot;,&quot;autoplay&quot;:&quot;yes&quot;,&quot;loop&quot;:&quot;yes&quot;,&quot;mute&quot;:&quot;yes&quot;,&quot;play_on_mobile&quot;:&quot;yes&quot;}\" data-widget_type=\"video.default\">\n\t\t\t\t<div class=\"elementor-widget-container\">\n\t\t\t\t\t\t\t<div class=\"e-hosted-video elementor-wrapper elementor-open-inline\">\n\t\t\t\t\t<video class=\"elementor-video\" src=\"http:\/\/ginestastudio.com\/wp-content\/uploads\/2024\/08\/Grabacion-de-pantalla-2024-08-07-a-las-15.11.20.mov\" autoplay=\"\" loop=\"\" muted=\"muted\" playsinline=\"\" controlsList=\"nodownload\"><\/video>\n\t\t\t\t<\/div>\n\t\t\t\t\t\t<\/div>\n\t\t\t\t<\/div>\n\t\t\t\t<section class=\"elementor-section elementor-inner-section elementor-element elementor-element-0185bc1 elementor-section-full_width elementor-section-height-default elementor-section-height-default\" data-id=\"0185bc1\" data-element_type=\"section\" data-e-type=\"section\">\n\t\t\t\t\t\t<div class=\"elementor-container elementor-column-gap-no\">\n\t\t\t\t\t<div class=\"elementor-column elementor-col-50 elementor-inner-column elementor-element elementor-element-91b5c68\" data-id=\"91b5c68\" data-element_type=\"column\" data-e-type=\"column\">\n\t\t\t<div class=\"elementor-widget-wrap elementor-element-populated\">\n\t\t\t\t\t\t<div class=\"elementor-element elementor-element-f56cb8c elementor-widget__width-initial elementor-widget elementor-widget-video\" data-id=\"f56cb8c\" data-element_type=\"widget\" data-e-type=\"widget\" data-settings=\"{&quot;video_type&quot;:&quot;hosted&quot;,&quot;autoplay&quot;:&quot;yes&quot;,&quot;loop&quot;:&quot;yes&quot;,&quot;mute&quot;:&quot;yes&quot;,&quot;play_on_mobile&quot;:&quot;yes&quot;}\" data-widget_type=\"video.default\">\n\t\t\t\t<div class=\"elementor-widget-container\">\n\t\t\t\t\t\t\t<div class=\"e-hosted-video elementor-wrapper elementor-open-inline\">\n\t\t\t\t\t<video class=\"elementor-video\" src=\"http:\/\/ginestastudio.com\/wp-content\/uploads\/2024\/08\/Black-and-White-Phone-Mockup-Webinar-Promotion-Instagram-Story-1.mp4\" autoplay=\"\" loop=\"\" muted=\"muted\" playsinline=\"\" controlsList=\"nodownload\"><\/video>\n\t\t\t\t<\/div>\n\t\t\t\t\t\t<\/div>\n\t\t\t\t<\/div>\n\t\t\t\t\t<\/div>\n\t\t<\/div>\n\t\t\t\t<div class=\"elementor-column elementor-col-50 elementor-inner-column elementor-element elementor-element-2825129\" data-id=\"2825129\" data-element_type=\"column\" data-e-type=\"column\">\n\t\t\t<div class=\"elementor-widget-wrap elementor-element-populated\">\n\t\t\t\t\t\t<div class=\"elementor-element elementor-element-4cd24d2 elementor-widget elementor-widget-image\" data-id=\"4cd24d2\" data-element_type=\"widget\" data-e-type=\"widget\" data-widget_type=\"image.default\">\n\t\t\t\t<div class=\"elementor-widget-container\">\n\t\t\t\t\t\t\t\t\t\t\t\t\t\t\t<img decoding=\"async\" width=\"576\" height=\"1024\" src=\"https:\/\/ginestastudio.com\/wp-content\/uploads\/2024\/08\/Black-and-White-Phone-Mockup-Webinar-Promotion-Instagram-Story-1-1-576x1024.png\" class=\"attachment-large size-large wp-image-561\" alt=\"\" srcset=\"https:\/\/ginestastudio.com\/wp-content\/uploads\/2024\/08\/Black-and-White-Phone-Mockup-Webinar-Promotion-Instagram-Story-1-1-576x1024.png 576w, https:\/\/ginestastudio.com\/wp-content\/uploads\/2024\/08\/Black-and-White-Phone-Mockup-Webinar-Promotion-Instagram-Story-1-1-169x300.png 169w, https:\/\/ginestastudio.com\/wp-content\/uploads\/2024\/08\/Black-and-White-Phone-Mockup-Webinar-Promotion-Instagram-Story-1-1-768x1365.png 768w, https:\/\/ginestastudio.com\/wp-content\/uploads\/2024\/08\/Black-and-White-Phone-Mockup-Webinar-Promotion-Instagram-Story-1-1-864x1536.png 864w, https:\/\/ginestastudio.com\/wp-content\/uploads\/2024\/08\/Black-and-White-Phone-Mockup-Webinar-Promotion-Instagram-Story-1-1.png 1080w\" sizes=\"(max-width: 576px) 100vw, 576px\" \/>\t\t\t\t\t\t\t\t\t\t\t\t\t\t\t<\/div>\n\t\t\t\t<\/div>\n\t\t\t\t\t<\/div>\n\t\t<\/div>\n\t\t\t\t\t<\/div>\n\t\t<\/section>\n\t\t\t\t<div class=\"elementor-element elementor-element-bcd207b elementor-widget elementor-widget-image\" data-id=\"bcd207b\" data-element_type=\"widget\" data-e-type=\"widget\" data-widget_type=\"image.default\">\n\t\t\t\t<div class=\"elementor-widget-container\">\n\t\t\t\t\t\t\t\t\t\t\t\t\t\t\t<img decoding=\"async\" width=\"800\" height=\"370\" src=\"https:\/\/ginestastudio.com\/wp-content\/uploads\/2024\/08\/Captura-de-Pantalla-2024-08-07-a-las-15.28.22-1024x474.png\" class=\"attachment-large size-large wp-image-565\" alt=\"\" srcset=\"https:\/\/ginestastudio.com\/wp-content\/uploads\/2024\/08\/Captura-de-Pantalla-2024-08-07-a-las-15.28.22-1024x474.png 1024w, https:\/\/ginestastudio.com\/wp-content\/uploads\/2024\/08\/Captura-de-Pantalla-2024-08-07-a-las-15.28.22-300x139.png 300w, https:\/\/ginestastudio.com\/wp-content\/uploads\/2024\/08\/Captura-de-Pantalla-2024-08-07-a-las-15.28.22-768x355.png 768w, https:\/\/ginestastudio.com\/wp-content\/uploads\/2024\/08\/Captura-de-Pantalla-2024-08-07-a-las-15.28.22-1536x711.png 1536w, https:\/\/ginestastudio.com\/wp-content\/uploads\/2024\/08\/Captura-de-Pantalla-2024-08-07-a-las-15.28.22-2048x947.png 2048w\" sizes=\"(max-width: 800px) 100vw, 800px\" \/>\t\t\t\t\t\t\t\t\t\t\t\t\t\t\t<\/div>\n\t\t\t\t<\/div>\n\t\t\t\t\t<\/div>\n\t\t<\/div>\n\t\t\t\t\t<\/div>\n\t\t<\/section>\n\t\t\t\t<\/div>\n\t\t","protected":false},"excerpt":{"rendered":"<p>AGL Est\u00e9tica This case study showcases our web design concept for AGL, an advanced center for biological and cellular skin care. Project DescriptionThis web design project for AGL reflects the center\u2019s sophisticated approach to holistic skin care, emphasizing personalized treatments and the harmony between inner well-being and outer beauty. Inspired by its white-and-gold branding, the [&hellip;]<\/p>\n","protected":false},"author":1,"featured_media":0,"parent":0,"menu_order":0,"comment_status":"closed","ping_status":"closed","template":"elementor_header_footer","meta":{"footnotes":""},"class_list":["post-513","page","type-page","status-publish","hentry"],"_links":{"self":[{"href":"https:\/\/ginestastudio.com\/es\/wp-json\/wp\/v2\/pages\/513"}],"collection":[{"href":"https:\/\/ginestastudio.com\/es\/wp-json\/wp\/v2\/pages"}],"about":[{"href":"https:\/\/ginestastudio.com\/es\/wp-json\/wp\/v2\/types\/page"}],"author":[{"embeddable":true,"href":"https:\/\/ginestastudio.com\/es\/wp-json\/wp\/v2\/users\/1"}],"replies":[{"embeddable":true,"href":"https:\/\/ginestastudio.com\/es\/wp-json\/wp\/v2\/comments?post=513"}],"version-history":[{"count":103,"href":"https:\/\/ginestastudio.com\/es\/wp-json\/wp\/v2\/pages\/513\/revisions"}],"predecessor-version":[{"id":1653,"href":"https:\/\/ginestastudio.com\/es\/wp-json\/wp\/v2\/pages\/513\/revisions\/1653"}],"wp:attachment":[{"href":"https:\/\/ginestastudio.com\/es\/wp-json\/wp\/v2\/media?parent=513"}],"curies":[{"name":"wp","href":"https:\/\/api.w.org\/{rel}","templated":true}]}}