{"id":736,"date":"2024-08-29T15:33:53","date_gmt":"2024-08-29T15:33:53","guid":{"rendered":"https:\/\/ginestastudio.com\/?page_id=736"},"modified":"2025-01-14T11:36:41","modified_gmt":"2025-01-14T11:36:41","slug":"ibai-iturrioz-fisioterapia","status":"publish","type":"page","link":"https:\/\/ginestastudio.com\/ca\/ibai-iturrioz-fisioterapia\/","title":{"rendered":"Ibai Iturrioz Fisioterapia"},"content":{"rendered":"\t\t<div data-elementor-type=\"wp-page\" data-elementor-id=\"736\" class=\"elementor elementor-736\" data-elementor-post-type=\"page\">\n\t\t\t\t\t\t<section class=\"elementor-section elementor-top-section elementor-element elementor-element-5bfddc9 elementor-section-full_width elementor-section-height-default elementor-section-height-default\" data-id=\"5bfddc9\" data-element_type=\"section\" data-e-type=\"section\" data-settings=\"{&quot;sticky&quot;:&quot;top&quot;,&quot;sticky_on&quot;:[&quot;desktop&quot;,&quot;tablet&quot;,&quot;mobile&quot;],&quot;sticky_offset&quot;:0,&quot;sticky_effects_offset&quot;:0,&quot;sticky_anchor_link_offset&quot;:0}\">\n\t\t\t\t\t\t<div class=\"elementor-container elementor-column-gap-default\">\n\t\t\t\t\t<div class=\"elementor-column elementor-col-100 elementor-top-column elementor-element elementor-element-ee9ee69\" data-id=\"ee9ee69\" data-element_type=\"column\" data-e-type=\"column\" data-settings=\"{&quot;background_background&quot;:&quot;classic&quot;}\">\n\t\t\t<div class=\"elementor-widget-wrap elementor-element-populated\">\n\t\t\t\t\t\t<div class=\"elementor-element elementor-element-3becd31 elementor-widget elementor-widget-image\" data-id=\"3becd31\" data-element_type=\"widget\" data-e-type=\"widget\" data-widget_type=\"image.default\">\n\t\t\t\t<div class=\"elementor-widget-container\">\n\t\t\t\t\t\t\t\t\t\t\t\t\t\t\t<img fetchpriority=\"high\" decoding=\"async\" width=\"1365\" height=\"680\" src=\"https:\/\/ginestastudio.com\/wp-content\/uploads\/2024\/08\/imatges-web6_iif-copia-3-e1724946354557.png\" class=\"attachment-full size-full wp-image-746\" alt=\"\" srcset=\"https:\/\/ginestastudio.com\/wp-content\/uploads\/2024\/08\/imatges-web6_iif-copia-3-e1724946354557.png 1365w, https:\/\/ginestastudio.com\/wp-content\/uploads\/2024\/08\/imatges-web6_iif-copia-3-e1724946354557-300x149.png 300w, https:\/\/ginestastudio.com\/wp-content\/uploads\/2024\/08\/imatges-web6_iif-copia-3-e1724946354557-1024x510.png 1024w, https:\/\/ginestastudio.com\/wp-content\/uploads\/2024\/08\/imatges-web6_iif-copia-3-e1724946354557-768x383.png 768w\" sizes=\"(max-width: 1365px) 100vw, 1365px\" \/>\t\t\t\t\t\t\t\t\t\t\t\t\t\t\t<\/div>\n\t\t\t\t<\/div>\n\t\t\t\t\t<\/div>\n\t\t<\/div>\n\t\t\t\t\t<\/div>\n\t\t<\/section>\n\t\t\t\t<section class=\"elementor-section elementor-top-section elementor-element elementor-element-8c91e87 elementor-section-full_width elementor-section-height-min-height elementor-section-items-top elementor-hidden-tablet elementor-hidden-mobile elementor-section-height-default\" data-id=\"8c91e87\" data-element_type=\"section\" data-e-type=\"section\" data-settings=\"{&quot;background_background&quot;:&quot;classic&quot;}\">\n\t\t\t\t\t\t<div class=\"elementor-container elementor-column-gap-default\">\n\t\t\t\t\t<div class=\"elementor-column elementor-col-50 elementor-top-column elementor-element elementor-element-d89956b\" data-id=\"d89956b\" data-element_type=\"column\" data-e-type=\"column\">\n\t\t\t<div class=\"elementor-widget-wrap elementor-element-populated\">\n\t\t\t\t\t\t<section class=\"elementor-section elementor-inner-section elementor-element elementor-element-e78be16 elementor-section-boxed elementor-section-height-default elementor-section-height-default\" data-id=\"e78be16\" data-element_type=\"section\" data-e-type=\"section\" data-settings=\"{&quot;sticky&quot;:&quot;top&quot;,&quot;sticky_offset&quot;:55,&quot;sticky_on&quot;:[&quot;desktop&quot;,&quot;tablet&quot;,&quot;mobile&quot;],&quot;sticky_effects_offset&quot;:0,&quot;sticky_anchor_link_offset&quot;:0}\">\n\t\t\t\t\t\t<div class=\"elementor-container elementor-column-gap-default\">\n\t\t\t\t\t<div class=\"elementor-column elementor-col-100 elementor-inner-column elementor-element elementor-element-2bb9322\" data-id=\"2bb9322\" data-element_type=\"column\" data-e-type=\"column\">\n\t\t\t<div class=\"elementor-widget-wrap elementor-element-populated\">\n\t\t\t\t\t\t<div class=\"elementor-element elementor-element-1596abb elementor-widget elementor-widget-heading\" data-id=\"1596abb\" data-element_type=\"widget\" data-e-type=\"widget\" data-widget_type=\"heading.default\">\n\t\t\t\t<div class=\"elementor-widget-container\">\n\t\t\t\t\t<h2 class=\"elementor-heading-title elementor-size-default\">Ibai Iturrioz Fisioterapia<\/h2>\t\t\t\t<\/div>\n\t\t\t\t<\/div>\n\t\t\t\t<div class=\"elementor-element elementor-element-a2af568 elementor-widget elementor-widget-text-editor\" data-id=\"a2af568\" data-element_type=\"widget\" data-e-type=\"widget\" data-widget_type=\"text-editor.default\">\n\t\t\t\t<div class=\"elementor-widget-container\">\n\t\t\t\t\t\t\t\t\t<p><strong>Aquest projecte mostra el nostre disseny de branding per a les xarxes socials, creat per a un centre de fisioter\u00e0pia i entrenament personal en col\u00b7laboraci\u00f3 amb Trece Studio.<\/strong><\/p><p><strong>Descripci\u00f3 del projecte<\/strong><br \/>Aquest projecte va consistir en dissenyar una estrat\u00e8gia de branding per a xarxes socials cohesionada i atractiva per a un centre especialitzat en fisioter\u00e0pia i entrenament personal. En col\u00b7laboraci\u00f3 amb Trece Studio, vam desenvolupar una identitat visual vibrant que combina tonalitats din\u00e0miques de taronja i blau amb tons calmants de beix i groc, reflectint l&#8217;equilibri entre l&#8217;energia i el benestar.<\/p><p>L&#8217;objectiu era crear una imatge moderna i propera que resson\u00e9s amb el doble enfocament del centre en la recuperaci\u00f3 f\u00edsica i l&#8217;entrenament de fitness.<\/p><p>Els actius per a xarxes socials inclouen plantilles adaptables per a publicacions i stories, garantint la coher\u00e8ncia a trav\u00e9s de les plataformes mentre permeten al centre comunicar-se efica\u00e7ment amb la seva audi\u00e8ncia. El resultat \u00e9s una pres\u00e8ncia visualment impactant i funcional a les xarxes socials que recolza la missi\u00f3 del centre d&#8217;inspirar salut i vitalitat.<\/p>\t\t\t\t\t\t\t\t<\/div>\n\t\t\t\t<\/div>\n\t\t\t\t\t<\/div>\n\t\t<\/div>\n\t\t\t\t\t<\/div>\n\t\t<\/section>\n\t\t\t\t\t<\/div>\n\t\t<\/div>\n\t\t\t\t<div class=\"elementor-column elementor-col-50 elementor-top-column elementor-element elementor-element-7440d94\" data-id=\"7440d94\" data-element_type=\"column\" data-e-type=\"column\" data-settings=\"{&quot;motion_fx_motion_fx_scrolling&quot;:&quot;yes&quot;,&quot;motion_fx_devices&quot;:[&quot;desktop&quot;,&quot;tablet&quot;,&quot;mobile&quot;]}\">\n\t\t\t<div class=\"elementor-widget-wrap elementor-element-populated\">\n\t\t\t\t\t\t<div class=\"elementor-element elementor-element-33f1090 elementor-widget elementor-widget-image\" data-id=\"33f1090\" data-element_type=\"widget\" data-e-type=\"widget\" data-widget_type=\"image.default\">\n\t\t\t\t<div class=\"elementor-widget-container\">\n\t\t\t\t\t\t\t\t\t\t\t\t\t\t\t<img decoding=\"async\" width=\"800\" height=\"450\" src=\"https:\/\/ginestastudio.com\/wp-content\/uploads\/2024\/08\/imatges-web_iif-02-1024x576.png\" class=\"attachment-large size-large wp-image-740\" alt=\"\" srcset=\"https:\/\/ginestastudio.com\/wp-content\/uploads\/2024\/08\/imatges-web_iif-02-1024x576.png 1024w, https:\/\/ginestastudio.com\/wp-content\/uploads\/2024\/08\/imatges-web_iif-02-300x169.png 300w, https:\/\/ginestastudio.com\/wp-content\/uploads\/2024\/08\/imatges-web_iif-02-768x432.png 768w, https:\/\/ginestastudio.com\/wp-content\/uploads\/2024\/08\/imatges-web_iif-02.png 1366w\" sizes=\"(max-width: 800px) 100vw, 800px\" \/>\t\t\t\t\t\t\t\t\t\t\t\t\t\t\t<\/div>\n\t\t\t\t<\/div>\n\t\t\t\t<div class=\"elementor-element elementor-element-acd8751 elementor-widget elementor-widget-image\" data-id=\"acd8751\" data-element_type=\"widget\" data-e-type=\"widget\" data-widget_type=\"image.default\">\n\t\t\t\t<div class=\"elementor-widget-container\">\n\t\t\t\t\t\t\t\t\t\t\t\t\t\t\t<img decoding=\"async\" width=\"800\" height=\"450\" src=\"https:\/\/ginestastudio.com\/wp-content\/uploads\/2024\/12\/imatges-web-1024x576.png\" class=\"attachment-large size-large wp-image-1317\" alt=\"\" srcset=\"https:\/\/ginestastudio.com\/wp-content\/uploads\/2024\/12\/imatges-web-1024x576.png 1024w, https:\/\/ginestastudio.com\/wp-content\/uploads\/2024\/12\/imatges-web-300x169.png 300w, https:\/\/ginestastudio.com\/wp-content\/uploads\/2024\/12\/imatges-web-768x432.png 768w, https:\/\/ginestastudio.com\/wp-content\/uploads\/2024\/12\/imatges-web.png 1366w\" sizes=\"(max-width: 800px) 100vw, 800px\" \/>\t\t\t\t\t\t\t\t\t\t\t\t\t\t\t<\/div>\n\t\t\t\t<\/div>\n\t\t\t\t<div class=\"elementor-element elementor-element-7178c32 elementor-widget elementor-widget-image\" data-id=\"7178c32\" data-element_type=\"widget\" data-e-type=\"widget\" data-widget_type=\"image.default\">\n\t\t\t\t<div class=\"elementor-widget-container\">\n\t\t\t\t\t\t\t\t\t\t\t\t\t\t\t<img loading=\"lazy\" decoding=\"async\" width=\"800\" height=\"215\" src=\"https:\/\/ginestastudio.com\/wp-content\/uploads\/2024\/08\/imatges-web_iif-copia-1024x275.png\" class=\"attachment-large size-large wp-image-738\" alt=\"\" srcset=\"https:\/\/ginestastudio.com\/wp-content\/uploads\/2024\/08\/imatges-web_iif-copia-1024x275.png 1024w, https:\/\/ginestastudio.com\/wp-content\/uploads\/2024\/08\/imatges-web_iif-copia-300x81.png 300w, https:\/\/ginestastudio.com\/wp-content\/uploads\/2024\/08\/imatges-web_iif-copia-768x206.png 768w, https:\/\/ginestastudio.com\/wp-content\/uploads\/2024\/08\/imatges-web_iif-copia.png 1366w\" sizes=\"(max-width: 800px) 100vw, 800px\" \/>\t\t\t\t\t\t\t\t\t\t\t\t\t\t\t<\/div>\n\t\t\t\t<\/div>\n\t\t\t\t<div class=\"elementor-element elementor-element-e9383a6 elementor-widget elementor-widget-image\" data-id=\"e9383a6\" data-element_type=\"widget\" data-e-type=\"widget\" data-widget_type=\"image.default\">\n\t\t\t\t<div class=\"elementor-widget-container\">\n\t\t\t\t\t\t\t\t\t\t\t\t\t\t\t<img loading=\"lazy\" decoding=\"async\" width=\"800\" height=\"450\" src=\"https:\/\/ginestastudio.com\/wp-content\/uploads\/2024\/08\/imatges-web_iif-03-1024x576.png\" class=\"attachment-large size-large wp-image-741\" alt=\"\" srcset=\"https:\/\/ginestastudio.com\/wp-content\/uploads\/2024\/08\/imatges-web_iif-03-1024x576.png 1024w, https:\/\/ginestastudio.com\/wp-content\/uploads\/2024\/08\/imatges-web_iif-03-300x169.png 300w, https:\/\/ginestastudio.com\/wp-content\/uploads\/2024\/08\/imatges-web_iif-03-768x432.png 768w, https:\/\/ginestastudio.com\/wp-content\/uploads\/2024\/08\/imatges-web_iif-03.png 1366w\" sizes=\"(max-width: 800px) 100vw, 800px\" \/>\t\t\t\t\t\t\t\t\t\t\t\t\t\t\t<\/div>\n\t\t\t\t<\/div>\n\t\t\t\t\t<\/div>\n\t\t<\/div>\n\t\t\t\t\t<\/div>\n\t\t<\/section>\n\t\t\t\t<section class=\"elementor-section elementor-top-section elementor-element elementor-element-0413b8e elementor-section-full_width elementor-section-height-min-height elementor-section-items-top elementor-hidden-desktop elementor-section-height-default\" data-id=\"0413b8e\" data-element_type=\"section\" data-e-type=\"section\" data-settings=\"{&quot;background_background&quot;:&quot;classic&quot;}\">\n\t\t\t\t\t\t<div class=\"elementor-container elementor-column-gap-default\">\n\t\t\t\t\t<div class=\"elementor-column elementor-col-50 elementor-top-column elementor-element elementor-element-cecd4a6\" data-id=\"cecd4a6\" data-element_type=\"column\" data-e-type=\"column\">\n\t\t\t<div class=\"elementor-widget-wrap elementor-element-populated\">\n\t\t\t\t\t\t<section class=\"elementor-section elementor-inner-section elementor-element elementor-element-5285e33 elementor-section-boxed elementor-section-height-default elementor-section-height-default\" data-id=\"5285e33\" data-element_type=\"section\" data-e-type=\"section\">\n\t\t\t\t\t\t<div class=\"elementor-container elementor-column-gap-default\">\n\t\t\t\t\t<div class=\"elementor-column elementor-col-100 elementor-inner-column elementor-element elementor-element-9e182a0\" data-id=\"9e182a0\" data-element_type=\"column\" data-e-type=\"column\">\n\t\t\t<div class=\"elementor-widget-wrap elementor-element-populated\">\n\t\t\t\t\t\t<div class=\"elementor-element elementor-element-a97884c elementor-widget elementor-widget-heading\" data-id=\"a97884c\" data-element_type=\"widget\" data-e-type=\"widget\" data-widget_type=\"heading.default\">\n\t\t\t\t<div class=\"elementor-widget-container\">\n\t\t\t\t\t<h2 class=\"elementor-heading-title elementor-size-default\">Ibai Iturrioz Fisioterapia<\/h2>\t\t\t\t<\/div>\n\t\t\t\t<\/div>\n\t\t\t\t<div class=\"elementor-element elementor-element-0091d66 elementor-widget elementor-widget-text-editor\" data-id=\"0091d66\" data-element_type=\"widget\" data-e-type=\"widget\" data-widget_type=\"text-editor.default\">\n\t\t\t\t<div class=\"elementor-widget-container\">\n\t\t\t\t\t\t\t\t\t<p><strong>Aquest projecte mostra el nostre disseny de branding per a les xarxes socials, creat per a un centre de fisioter\u00e0pia i entrenament personal en col\u00b7laboraci\u00f3 amb Trece Studio.<\/strong><\/p><p><strong>Descripci\u00f3 del projecte<\/strong><br \/>Aquest projecte va consistir en dissenyar una estrat\u00e8gia de branding per a xarxes socials cohesionada i atractiva per a un centre especialitzat en fisioter\u00e0pia i entrenament personal. En col\u00b7laboraci\u00f3 amb Trece Studio, vam desenvolupar una identitat visual vibrant que combina tonalitats din\u00e0miques de taronja i blau amb tons calmants de beix i groc, reflectint l&#8217;equilibri entre l&#8217;energia i el benestar.<\/p><p>L&#8217;objectiu era crear una imatge moderna i propera que resson\u00e9s amb el doble enfocament del centre en la recuperaci\u00f3 f\u00edsica i l&#8217;entrenament de fitness.<\/p><p>Els actius per a xarxes socials inclouen plantilles adaptables per a publicacions i stories, garantint la coher\u00e8ncia a trav\u00e9s de les plataformes mentre permeten al centre comunicar-se efica\u00e7ment amb la seva audi\u00e8ncia. El resultat \u00e9s una pres\u00e8ncia visualment impactant i funcional a les xarxes socials que recolza la missi\u00f3 del centre d&#8217;inspirar salut i vitalitat.<\/p>\t\t\t\t\t\t\t\t<\/div>\n\t\t\t\t<\/div>\n\t\t\t\t\t<\/div>\n\t\t<\/div>\n\t\t\t\t\t<\/div>\n\t\t<\/section>\n\t\t\t\t\t<\/div>\n\t\t<\/div>\n\t\t\t\t<div class=\"elementor-column elementor-col-50 elementor-top-column elementor-element elementor-element-a0a9e01\" data-id=\"a0a9e01\" data-element_type=\"column\" data-e-type=\"column\" data-settings=\"{&quot;motion_fx_motion_fx_scrolling&quot;:&quot;yes&quot;,&quot;motion_fx_devices&quot;:[&quot;desktop&quot;,&quot;tablet&quot;,&quot;mobile&quot;]}\">\n\t\t\t<div class=\"elementor-widget-wrap elementor-element-populated\">\n\t\t\t\t\t\t<div class=\"elementor-element elementor-element-16a64d6 elementor-widget elementor-widget-image\" data-id=\"16a64d6\" data-element_type=\"widget\" data-e-type=\"widget\" data-widget_type=\"image.default\">\n\t\t\t\t<div class=\"elementor-widget-container\">\n\t\t\t\t\t\t\t\t\t\t\t\t\t\t\t<img decoding=\"async\" width=\"800\" height=\"450\" src=\"https:\/\/ginestastudio.com\/wp-content\/uploads\/2024\/08\/imatges-web_iif-02-1024x576.png\" class=\"attachment-large size-large wp-image-740\" alt=\"\" srcset=\"https:\/\/ginestastudio.com\/wp-content\/uploads\/2024\/08\/imatges-web_iif-02-1024x576.png 1024w, https:\/\/ginestastudio.com\/wp-content\/uploads\/2024\/08\/imatges-web_iif-02-300x169.png 300w, https:\/\/ginestastudio.com\/wp-content\/uploads\/2024\/08\/imatges-web_iif-02-768x432.png 768w, https:\/\/ginestastudio.com\/wp-content\/uploads\/2024\/08\/imatges-web_iif-02.png 1366w\" sizes=\"(max-width: 800px) 100vw, 800px\" \/>\t\t\t\t\t\t\t\t\t\t\t\t\t\t\t<\/div>\n\t\t\t\t<\/div>\n\t\t\t\t<div class=\"elementor-element elementor-element-50e96dc elementor-widget elementor-widget-image\" data-id=\"50e96dc\" data-element_type=\"widget\" data-e-type=\"widget\" data-widget_type=\"image.default\">\n\t\t\t\t<div class=\"elementor-widget-container\">\n\t\t\t\t\t\t\t\t\t\t\t\t\t\t\t<img decoding=\"async\" width=\"800\" height=\"450\" src=\"https:\/\/ginestastudio.com\/wp-content\/uploads\/2024\/12\/imatges-web-1024x576.png\" class=\"attachment-large size-large wp-image-1317\" alt=\"\" srcset=\"https:\/\/ginestastudio.com\/wp-content\/uploads\/2024\/12\/imatges-web-1024x576.png 1024w, https:\/\/ginestastudio.com\/wp-content\/uploads\/2024\/12\/imatges-web-300x169.png 300w, https:\/\/ginestastudio.com\/wp-content\/uploads\/2024\/12\/imatges-web-768x432.png 768w, https:\/\/ginestastudio.com\/wp-content\/uploads\/2024\/12\/imatges-web.png 1366w\" sizes=\"(max-width: 800px) 100vw, 800px\" \/>\t\t\t\t\t\t\t\t\t\t\t\t\t\t\t<\/div>\n\t\t\t\t<\/div>\n\t\t\t\t<div class=\"elementor-element elementor-element-705afa6 elementor-widget elementor-widget-image\" data-id=\"705afa6\" data-element_type=\"widget\" data-e-type=\"widget\" data-widget_type=\"image.default\">\n\t\t\t\t<div class=\"elementor-widget-container\">\n\t\t\t\t\t\t\t\t\t\t\t\t\t\t\t<img loading=\"lazy\" decoding=\"async\" width=\"800\" height=\"215\" src=\"https:\/\/ginestastudio.com\/wp-content\/uploads\/2024\/08\/imatges-web_iif-copia-1024x275.png\" class=\"attachment-large size-large wp-image-738\" alt=\"\" srcset=\"https:\/\/ginestastudio.com\/wp-content\/uploads\/2024\/08\/imatges-web_iif-copia-1024x275.png 1024w, https:\/\/ginestastudio.com\/wp-content\/uploads\/2024\/08\/imatges-web_iif-copia-300x81.png 300w, https:\/\/ginestastudio.com\/wp-content\/uploads\/2024\/08\/imatges-web_iif-copia-768x206.png 768w, https:\/\/ginestastudio.com\/wp-content\/uploads\/2024\/08\/imatges-web_iif-copia.png 1366w\" sizes=\"(max-width: 800px) 100vw, 800px\" \/>\t\t\t\t\t\t\t\t\t\t\t\t\t\t\t<\/div>\n\t\t\t\t<\/div>\n\t\t\t\t<div class=\"elementor-element elementor-element-d5b843e elementor-widget elementor-widget-image\" data-id=\"d5b843e\" data-element_type=\"widget\" data-e-type=\"widget\" data-widget_type=\"image.default\">\n\t\t\t\t<div class=\"elementor-widget-container\">\n\t\t\t\t\t\t\t\t\t\t\t\t\t\t\t<img loading=\"lazy\" decoding=\"async\" width=\"800\" height=\"450\" src=\"https:\/\/ginestastudio.com\/wp-content\/uploads\/2024\/08\/imatges-web_iif-03-1024x576.png\" class=\"attachment-large size-large wp-image-741\" alt=\"\" srcset=\"https:\/\/ginestastudio.com\/wp-content\/uploads\/2024\/08\/imatges-web_iif-03-1024x576.png 1024w, https:\/\/ginestastudio.com\/wp-content\/uploads\/2024\/08\/imatges-web_iif-03-300x169.png 300w, https:\/\/ginestastudio.com\/wp-content\/uploads\/2024\/08\/imatges-web_iif-03-768x432.png 768w, https:\/\/ginestastudio.com\/wp-content\/uploads\/2024\/08\/imatges-web_iif-03.png 1366w\" sizes=\"(max-width: 800px) 100vw, 800px\" \/>\t\t\t\t\t\t\t\t\t\t\t\t\t\t\t<\/div>\n\t\t\t\t<\/div>\n\t\t\t\t\t<\/div>\n\t\t<\/div>\n\t\t\t\t\t<\/div>\n\t\t<\/section>\n\t\t\t\t<\/div>\n\t\t","protected":false},"excerpt":{"rendered":"<p>Ibai Iturrioz Fisioterapia This case study showcases our branding design for social media, created for a physiotherapy and personal training center in collaboration with Trece Studio. Project DescriptionThis project involved designing a cohesive and engaging social media branding strategy for a center specializing in physiotherapy and personal training. Collaborating with Trece Studio, we developed a [&hellip;]<\/p>\n","protected":false},"author":1,"featured_media":0,"parent":0,"menu_order":0,"comment_status":"closed","ping_status":"closed","template":"elementor_header_footer","meta":{"footnotes":""},"class_list":["post-736","page","type-page","status-publish","hentry"],"_links":{"self":[{"href":"https:\/\/ginestastudio.com\/ca\/wp-json\/wp\/v2\/pages\/736"}],"collection":[{"href":"https:\/\/ginestastudio.com\/ca\/wp-json\/wp\/v2\/pages"}],"about":[{"href":"https:\/\/ginestastudio.com\/ca\/wp-json\/wp\/v2\/types\/page"}],"author":[{"embeddable":true,"href":"https:\/\/ginestastudio.com\/ca\/wp-json\/wp\/v2\/users\/1"}],"replies":[{"embeddable":true,"href":"https:\/\/ginestastudio.com\/ca\/wp-json\/wp\/v2\/comments?post=736"}],"version-history":[{"count":74,"href":"https:\/\/ginestastudio.com\/ca\/wp-json\/wp\/v2\/pages\/736\/revisions"}],"predecessor-version":[{"id":1647,"href":"https:\/\/ginestastudio.com\/ca\/wp-json\/wp\/v2\/pages\/736\/revisions\/1647"}],"wp:attachment":[{"href":"https:\/\/ginestastudio.com\/ca\/wp-json\/wp\/v2\/media?parent=736"}],"curies":[{"name":"wp","href":"https:\/\/api.w.org\/{rel}","templated":true}]}}