{"id":401,"date":"2024-08-06T13:31:42","date_gmt":"2024-08-06T13:31:42","guid":{"rendered":"https:\/\/ginestastudio.com\/?page_id=401"},"modified":"2025-05-15T08:19:38","modified_gmt":"2025-05-15T08:19:38","slug":"laura-estetica","status":"publish","type":"page","link":"https:\/\/ginestastudio.com\/ca\/laura-estetica\/","title":{"rendered":"Laura Est\u00e8tica"},"content":{"rendered":"\t\t<div data-elementor-type=\"wp-page\" data-elementor-id=\"401\" class=\"elementor elementor-401\" data-elementor-post-type=\"page\">\n\t\t\t\t\t\t<section class=\"elementor-section elementor-top-section elementor-element elementor-element-f4fa544 elementor-section-full_width elementor-section-height-default elementor-section-height-default\" data-id=\"f4fa544\" data-element_type=\"section\" data-e-type=\"section\" data-settings=\"{&quot;sticky&quot;:&quot;top&quot;,&quot;sticky_on&quot;:[&quot;desktop&quot;,&quot;tablet&quot;,&quot;mobile&quot;],&quot;sticky_offset&quot;:0,&quot;sticky_effects_offset&quot;:0,&quot;sticky_anchor_link_offset&quot;:0}\">\n\t\t\t\t\t\t<div class=\"elementor-container elementor-column-gap-default\">\n\t\t\t\t\t<div class=\"elementor-column elementor-col-100 elementor-top-column elementor-element elementor-element-25047fb\" data-id=\"25047fb\" data-element_type=\"column\" data-e-type=\"column\">\n\t\t\t<div class=\"elementor-widget-wrap elementor-element-populated\">\n\t\t\t\t\t\t<div class=\"elementor-element elementor-element-e909ed4 elementor-widget elementor-widget-image\" data-id=\"e909ed4\" data-element_type=\"widget\" data-e-type=\"widget\" data-widget_type=\"image.default\">\n\t\t\t\t<div class=\"elementor-widget-container\">\n\t\t\t\t\t\t\t\t\t\t\t\t\t\t\t<img fetchpriority=\"high\" decoding=\"async\" width=\"3572\" height=\"1144\" src=\"https:\/\/ginestastudio.com\/wp-content\/uploads\/2024\/08\/Captura-de-Pantalla-2024-08-06-a-las-16.41.53.png\" class=\"attachment-full size-full wp-image-474\" alt=\"\" srcset=\"https:\/\/ginestastudio.com\/wp-content\/uploads\/2024\/08\/Captura-de-Pantalla-2024-08-06-a-las-16.41.53.png 3572w, https:\/\/ginestastudio.com\/wp-content\/uploads\/2024\/08\/Captura-de-Pantalla-2024-08-06-a-las-16.41.53-300x96.png 300w, https:\/\/ginestastudio.com\/wp-content\/uploads\/2024\/08\/Captura-de-Pantalla-2024-08-06-a-las-16.41.53-1024x328.png 1024w, https:\/\/ginestastudio.com\/wp-content\/uploads\/2024\/08\/Captura-de-Pantalla-2024-08-06-a-las-16.41.53-768x246.png 768w, https:\/\/ginestastudio.com\/wp-content\/uploads\/2024\/08\/Captura-de-Pantalla-2024-08-06-a-las-16.41.53-1536x492.png 1536w, https:\/\/ginestastudio.com\/wp-content\/uploads\/2024\/08\/Captura-de-Pantalla-2024-08-06-a-las-16.41.53-2048x656.png 2048w\" sizes=\"(max-width: 3572px) 100vw, 3572px\" \/>\t\t\t\t\t\t\t\t\t\t\t\t\t\t\t<\/div>\n\t\t\t\t<\/div>\n\t\t\t\t\t<\/div>\n\t\t<\/div>\n\t\t\t\t\t<\/div>\n\t\t<\/section>\n\t\t\t\t<section class=\"elementor-section elementor-top-section elementor-element elementor-element-aba6a83 elementor-section-full_width elementor-section-height-min-height elementor-section-items-top elementor-hidden-tablet elementor-hidden-mobile elementor-section-height-default\" data-id=\"aba6a83\" data-element_type=\"section\" data-e-type=\"section\" data-settings=\"{&quot;background_background&quot;:&quot;classic&quot;}\">\n\t\t\t\t\t\t<div class=\"elementor-container elementor-column-gap-default\">\n\t\t\t\t\t<div class=\"elementor-column elementor-col-50 elementor-top-column elementor-element elementor-element-028c2bf\" data-id=\"028c2bf\" data-element_type=\"column\" data-e-type=\"column\">\n\t\t\t<div class=\"elementor-widget-wrap elementor-element-populated\">\n\t\t\t\t\t\t<section class=\"elementor-section elementor-inner-section elementor-element elementor-element-6090b19 elementor-section-boxed elementor-section-height-default elementor-section-height-default\" data-id=\"6090b19\" data-element_type=\"section\" data-e-type=\"section\" data-settings=\"{&quot;sticky&quot;:&quot;top&quot;,&quot;sticky_offset&quot;:55,&quot;sticky_on&quot;:[&quot;desktop&quot;,&quot;tablet&quot;,&quot;mobile&quot;],&quot;sticky_effects_offset&quot;:0,&quot;sticky_anchor_link_offset&quot;:0}\">\n\t\t\t\t\t\t<div class=\"elementor-container elementor-column-gap-default\">\n\t\t\t\t\t<div class=\"elementor-column elementor-col-100 elementor-inner-column elementor-element elementor-element-ee38651\" data-id=\"ee38651\" data-element_type=\"column\" data-e-type=\"column\">\n\t\t\t<div class=\"elementor-widget-wrap elementor-element-populated\">\n\t\t\t\t\t\t<div class=\"elementor-element elementor-element-e4e10ed elementor-widget elementor-widget-heading\" data-id=\"e4e10ed\" data-element_type=\"widget\" data-e-type=\"widget\" data-widget_type=\"heading.default\">\n\t\t\t\t<div class=\"elementor-widget-container\">\n\t\t\t\t\t<h2 class=\"elementor-heading-title elementor-size-default\">Laura Est\u00e9tica<\/h2>\t\t\t\t<\/div>\n\t\t\t\t<\/div>\n\t\t\t\t<div class=\"elementor-element elementor-element-c1585a4 elementor-widget elementor-widget-text-editor\" data-id=\"c1585a4\" data-element_type=\"widget\" data-e-type=\"widget\" data-widget_type=\"text-editor.default\">\n\t\t\t\t<div class=\"elementor-widget-container\">\n\t\t\t\t\t\t\t\t\t<p><strong>Aquest projecte mostra el nostre concepte de disseny web per a Laura Est\u00e8tica, un centre de benestar i bellesa dedicat a fomentar l&#8217;equilibri i l&#8217;autocura.<\/strong><\/p><p><strong>Descripci\u00f3 del projecte<\/strong><br \/>Aquest projecte de disseny web per a Laura Est\u00e8tica \u00e9s un espai creat per desconnectar del m\u00f3n exterior i reconnectar amb un mateix. L&#8217;objectiu principal era dissenyar una plataforma funcional i acollidora on els usuaris poguessin explorar f\u00e0cilment els serveis i els preus, tot experimentant l&#8217;ess\u00e8ncia tranquil\u00b7la i serena del centre.<\/p><p>Una altra tasca important va ser construir sobre la imatge de marca dissenyada per Trece Studio, integrant la seva est\u00e8tica minimalista i elegant en el disseny web. El resultat \u00e9s una experi\u00e8ncia digital que reflecteix la missi\u00f3 de Laura Est\u00e8tica: promoure el benestar i l&#8217;autocura mitjan\u00e7ant la simplicitat, la claredat i un ambient que inspira serenitat.<\/p>\t\t\t\t\t\t\t\t<\/div>\n\t\t\t\t<\/div>\n\t\t\t\t\t<\/div>\n\t\t<\/div>\n\t\t\t\t\t<\/div>\n\t\t<\/section>\n\t\t\t\t\t<\/div>\n\t\t<\/div>\n\t\t\t\t<div class=\"elementor-column elementor-col-50 elementor-top-column elementor-element elementor-element-ee496ba\" data-id=\"ee496ba\" data-element_type=\"column\" data-e-type=\"column\" data-settings=\"{&quot;motion_fx_motion_fx_scrolling&quot;:&quot;yes&quot;,&quot;motion_fx_devices&quot;:[&quot;desktop&quot;,&quot;tablet&quot;,&quot;mobile&quot;]}\">\n\t\t\t<div class=\"elementor-widget-wrap elementor-element-populated\">\n\t\t\t\t\t\t<div class=\"elementor-element elementor-element-c846158 elementor-widget elementor-widget-video\" data-id=\"c846158\" data-element_type=\"widget\" data-e-type=\"widget\" data-settings=\"{&quot;video_type&quot;:&quot;hosted&quot;,&quot;autoplay&quot;:&quot;yes&quot;,&quot;loop&quot;:&quot;yes&quot;,&quot;mute&quot;:&quot;yes&quot;,&quot;play_on_mobile&quot;:&quot;yes&quot;}\" data-widget_type=\"video.default\">\n\t\t\t\t<div class=\"elementor-widget-container\">\n\t\t\t\t\t\t\t<div class=\"e-hosted-video elementor-wrapper elementor-open-inline\">\n\t\t\t\t\t<video class=\"elementor-video\" src=\"http:\/\/ginestastudio.com\/wp-content\/uploads\/2024\/08\/laura-estetica-1.mov\" autoplay=\"\" loop=\"\" muted=\"muted\" playsinline=\"\" controlsList=\"nodownload\"><\/video>\n\t\t\t\t<\/div>\n\t\t\t\t\t\t<\/div>\n\t\t\t\t<\/div>\n\t\t\t\t<div class=\"elementor-element elementor-element-4192112 elementor-widget elementor-widget-video\" data-id=\"4192112\" data-element_type=\"widget\" data-e-type=\"widget\" data-settings=\"{&quot;video_type&quot;:&quot;hosted&quot;,&quot;autoplay&quot;:&quot;yes&quot;,&quot;loop&quot;:&quot;yes&quot;,&quot;mute&quot;:&quot;yes&quot;,&quot;play_on_mobile&quot;:&quot;yes&quot;}\" data-widget_type=\"video.default\">\n\t\t\t\t<div class=\"elementor-widget-container\">\n\t\t\t\t\t\t\t<div class=\"e-hosted-video elementor-wrapper elementor-open-inline\">\n\t\t\t\t\t<video class=\"elementor-video\" src=\"http:\/\/ginestastudio.com\/wp-content\/uploads\/2024\/08\/Grabacion-de-pantalla-2024-08-06-a-las-15.30.21.mov\" autoplay=\"\" loop=\"\" muted=\"muted\" playsinline=\"\" controlsList=\"nodownload\"><\/video>\n\t\t\t\t<\/div>\n\t\t\t\t\t\t<\/div>\n\t\t\t\t<\/div>\n\t\t\t\t<section class=\"elementor-section elementor-inner-section elementor-element elementor-element-7caf5e2 elementor-section-full_width elementor-section-height-default elementor-section-height-default\" data-id=\"7caf5e2\" data-element_type=\"section\" data-e-type=\"section\">\n\t\t\t\t\t\t<div class=\"elementor-container elementor-column-gap-no\">\n\t\t\t\t\t<div class=\"elementor-column elementor-col-50 elementor-inner-column elementor-element elementor-element-4e0835d\" data-id=\"4e0835d\" data-element_type=\"column\" data-e-type=\"column\">\n\t\t\t<div class=\"elementor-widget-wrap elementor-element-populated\">\n\t\t\t\t\t\t<div class=\"elementor-element elementor-element-80a1fd3 elementor-widget__width-initial elementor-widget elementor-widget-video\" data-id=\"80a1fd3\" data-element_type=\"widget\" data-e-type=\"widget\" data-settings=\"{&quot;video_type&quot;:&quot;hosted&quot;,&quot;autoplay&quot;:&quot;yes&quot;,&quot;loop&quot;:&quot;yes&quot;,&quot;mute&quot;:&quot;yes&quot;,&quot;play_on_mobile&quot;:&quot;yes&quot;}\" data-widget_type=\"video.default\">\n\t\t\t\t<div class=\"elementor-widget-container\">\n\t\t\t\t\t\t\t<div class=\"e-hosted-video elementor-wrapper elementor-open-inline\">\n\t\t\t\t\t<video class=\"elementor-video\" src=\"http:\/\/ginestastudio.com\/wp-content\/uploads\/2024\/08\/Black-and-White-Phone-Mockup-Webinar-Promotion-Instagram-Story.mp4\" autoplay=\"\" loop=\"\" muted=\"muted\" playsinline=\"\" controlsList=\"nodownload\"><\/video>\n\t\t\t\t<\/div>\n\t\t\t\t\t\t<\/div>\n\t\t\t\t<\/div>\n\t\t\t\t\t<\/div>\n\t\t<\/div>\n\t\t\t\t<div class=\"elementor-column elementor-col-50 elementor-inner-column elementor-element elementor-element-26b7db8\" data-id=\"26b7db8\" data-element_type=\"column\" data-e-type=\"column\">\n\t\t\t<div class=\"elementor-widget-wrap elementor-element-populated\">\n\t\t\t\t\t\t<div class=\"elementor-element elementor-element-75bbb44 elementor-widget elementor-widget-image\" data-id=\"75bbb44\" data-element_type=\"widget\" data-e-type=\"widget\" data-widget_type=\"image.default\">\n\t\t\t\t<div class=\"elementor-widget-container\">\n\t\t\t\t\t\t\t\t\t\t\t\t\t\t\t<img decoding=\"async\" width=\"576\" height=\"1024\" src=\"https:\/\/ginestastudio.com\/wp-content\/uploads\/2024\/08\/Black-and-White-Phone-Mockup-Webinar-Promotion-Instagram-Story-576x1024.png\" class=\"attachment-large size-large wp-image-435\" alt=\"\" srcset=\"https:\/\/ginestastudio.com\/wp-content\/uploads\/2024\/08\/Black-and-White-Phone-Mockup-Webinar-Promotion-Instagram-Story-576x1024.png 576w, https:\/\/ginestastudio.com\/wp-content\/uploads\/2024\/08\/Black-and-White-Phone-Mockup-Webinar-Promotion-Instagram-Story-169x300.png 169w, https:\/\/ginestastudio.com\/wp-content\/uploads\/2024\/08\/Black-and-White-Phone-Mockup-Webinar-Promotion-Instagram-Story-768x1365.png 768w, https:\/\/ginestastudio.com\/wp-content\/uploads\/2024\/08\/Black-and-White-Phone-Mockup-Webinar-Promotion-Instagram-Story-864x1536.png 864w, https:\/\/ginestastudio.com\/wp-content\/uploads\/2024\/08\/Black-and-White-Phone-Mockup-Webinar-Promotion-Instagram-Story.png 1080w\" sizes=\"(max-width: 576px) 100vw, 576px\" \/>\t\t\t\t\t\t\t\t\t\t\t\t\t\t\t<\/div>\n\t\t\t\t<\/div>\n\t\t\t\t\t<\/div>\n\t\t<\/div>\n\t\t\t\t\t<\/div>\n\t\t<\/section>\n\t\t\t\t<div class=\"elementor-element elementor-element-1cc9e5c elementor-widget elementor-widget-image\" data-id=\"1cc9e5c\" data-element_type=\"widget\" data-e-type=\"widget\" data-widget_type=\"image.default\">\n\t\t\t\t<div class=\"elementor-widget-container\">\n\t\t\t\t\t\t\t\t\t\t\t\t\t\t\t<img decoding=\"async\" width=\"800\" height=\"363\" src=\"https:\/\/ginestastudio.com\/wp-content\/uploads\/2024\/08\/Captura-de-Pantalla-2024-08-06-a-las-15.31.01-1024x465.png\" class=\"attachment-large size-large wp-image-405\" alt=\"\" srcset=\"https:\/\/ginestastudio.com\/wp-content\/uploads\/2024\/08\/Captura-de-Pantalla-2024-08-06-a-las-15.31.01-1024x465.png 1024w, https:\/\/ginestastudio.com\/wp-content\/uploads\/2024\/08\/Captura-de-Pantalla-2024-08-06-a-las-15.31.01-300x136.png 300w, https:\/\/ginestastudio.com\/wp-content\/uploads\/2024\/08\/Captura-de-Pantalla-2024-08-06-a-las-15.31.01-768x349.png 768w, https:\/\/ginestastudio.com\/wp-content\/uploads\/2024\/08\/Captura-de-Pantalla-2024-08-06-a-las-15.31.01-1536x698.png 1536w, https:\/\/ginestastudio.com\/wp-content\/uploads\/2024\/08\/Captura-de-Pantalla-2024-08-06-a-las-15.31.01-2048x930.png 2048w\" sizes=\"(max-width: 800px) 100vw, 800px\" \/>\t\t\t\t\t\t\t\t\t\t\t\t\t\t\t<\/div>\n\t\t\t\t<\/div>\n\t\t\t\t\t<\/div>\n\t\t<\/div>\n\t\t\t\t\t<\/div>\n\t\t<\/section>\n\t\t\t\t<section class=\"elementor-section elementor-top-section elementor-element elementor-element-c7bbedd elementor-section-full_width elementor-section-height-min-height elementor-section-items-top elementor-hidden-desktop elementor-section-height-default\" data-id=\"c7bbedd\" data-element_type=\"section\" data-e-type=\"section\" data-settings=\"{&quot;background_background&quot;:&quot;classic&quot;}\">\n\t\t\t\t\t\t<div class=\"elementor-container elementor-column-gap-default\">\n\t\t\t\t\t<div class=\"elementor-column elementor-col-50 elementor-top-column elementor-element elementor-element-2585830\" data-id=\"2585830\" data-element_type=\"column\" data-e-type=\"column\">\n\t\t\t<div class=\"elementor-widget-wrap elementor-element-populated\">\n\t\t\t\t\t\t<section class=\"elementor-section elementor-inner-section elementor-element elementor-element-607c150 elementor-section-boxed elementor-section-height-default elementor-section-height-default\" data-id=\"607c150\" data-element_type=\"section\" data-e-type=\"section\">\n\t\t\t\t\t\t<div class=\"elementor-container elementor-column-gap-default\">\n\t\t\t\t\t<div class=\"elementor-column elementor-col-100 elementor-inner-column elementor-element elementor-element-15cb50a\" data-id=\"15cb50a\" data-element_type=\"column\" data-e-type=\"column\">\n\t\t\t<div class=\"elementor-widget-wrap elementor-element-populated\">\n\t\t\t\t\t\t<div class=\"elementor-element elementor-element-c24a256 elementor-widget elementor-widget-heading\" data-id=\"c24a256\" data-element_type=\"widget\" data-e-type=\"widget\" data-widget_type=\"heading.default\">\n\t\t\t\t<div class=\"elementor-widget-container\">\n\t\t\t\t\t<h2 class=\"elementor-heading-title elementor-size-default\">Laura Est\u00e9tica<\/h2>\t\t\t\t<\/div>\n\t\t\t\t<\/div>\n\t\t\t\t<div class=\"elementor-element elementor-element-42412b2 elementor-widget elementor-widget-text-editor\" data-id=\"42412b2\" data-element_type=\"widget\" data-e-type=\"widget\" data-widget_type=\"text-editor.default\">\n\t\t\t\t<div class=\"elementor-widget-container\">\n\t\t\t\t\t\t\t\t\t<p><strong>Aquest projecte mostra el nostre concepte de disseny web per a Laura Est\u00e8tica, un centre de benestar i bellesa dedicat a fomentar l&#8217;equilibri i l&#8217;autocura.<\/strong><\/p><p><strong>Descripci\u00f3 del projecte<\/strong><br \/>Aquest projecte de disseny web per a Laura Est\u00e8tica \u00e9s un espai creat per desconnectar del m\u00f3n exterior i reconnectar amb un mateix. L&#8217;objectiu principal era dissenyar una plataforma funcional i acollidora on els usuaris poguessin explorar f\u00e0cilment els serveis i els preus, tot experimentant l&#8217;ess\u00e8ncia tranquil\u00b7la i serena del centre.<\/p><p>Una altra tasca important va ser construir sobre la imatge de marca dissenyada per Trece Studio, integrant la seva est\u00e8tica minimalista i elegant en el disseny web. El resultat \u00e9s una experi\u00e8ncia digital que reflecteix la missi\u00f3 de Laura Est\u00e8tica: promoure el benestar i l&#8217;autocura mitjan\u00e7ant la simplicitat, la claredat i un ambient que inspira serenitat.<\/p>\t\t\t\t\t\t\t\t<\/div>\n\t\t\t\t<\/div>\n\t\t\t\t\t<\/div>\n\t\t<\/div>\n\t\t\t\t\t<\/div>\n\t\t<\/section>\n\t\t\t\t\t<\/div>\n\t\t<\/div>\n\t\t\t\t<div class=\"elementor-column elementor-col-50 elementor-top-column elementor-element elementor-element-b348506\" data-id=\"b348506\" data-element_type=\"column\" data-e-type=\"column\" data-settings=\"{&quot;motion_fx_motion_fx_scrolling&quot;:&quot;yes&quot;,&quot;motion_fx_devices&quot;:[&quot;desktop&quot;,&quot;tablet&quot;,&quot;mobile&quot;]}\">\n\t\t\t<div class=\"elementor-widget-wrap elementor-element-populated\">\n\t\t\t\t\t\t<div class=\"elementor-element elementor-element-3e991b9 elementor-widget elementor-widget-video\" data-id=\"3e991b9\" data-element_type=\"widget\" data-e-type=\"widget\" data-settings=\"{&quot;video_type&quot;:&quot;hosted&quot;,&quot;autoplay&quot;:&quot;yes&quot;,&quot;loop&quot;:&quot;yes&quot;,&quot;mute&quot;:&quot;yes&quot;,&quot;play_on_mobile&quot;:&quot;yes&quot;}\" data-widget_type=\"video.default\">\n\t\t\t\t<div class=\"elementor-widget-container\">\n\t\t\t\t\t\t\t<div class=\"e-hosted-video elementor-wrapper elementor-open-inline\">\n\t\t\t\t\t<video class=\"elementor-video\" src=\"http:\/\/ginestastudio.com\/wp-content\/uploads\/2024\/08\/laura-estetica-1.mov\" autoplay=\"\" loop=\"\" muted=\"muted\" playsinline=\"\" controlsList=\"nodownload\"><\/video>\n\t\t\t\t<\/div>\n\t\t\t\t\t\t<\/div>\n\t\t\t\t<\/div>\n\t\t\t\t<div class=\"elementor-element elementor-element-4d67ef8 elementor-widget elementor-widget-video\" data-id=\"4d67ef8\" data-element_type=\"widget\" data-e-type=\"widget\" data-settings=\"{&quot;video_type&quot;:&quot;hosted&quot;,&quot;autoplay&quot;:&quot;yes&quot;,&quot;loop&quot;:&quot;yes&quot;,&quot;mute&quot;:&quot;yes&quot;,&quot;play_on_mobile&quot;:&quot;yes&quot;}\" data-widget_type=\"video.default\">\n\t\t\t\t<div class=\"elementor-widget-container\">\n\t\t\t\t\t\t\t<div class=\"e-hosted-video elementor-wrapper elementor-open-inline\">\n\t\t\t\t\t<video class=\"elementor-video\" src=\"http:\/\/ginestastudio.com\/wp-content\/uploads\/2024\/08\/Grabacion-de-pantalla-2024-08-06-a-las-15.30.21.mov\" autoplay=\"\" loop=\"\" muted=\"muted\" playsinline=\"\" controlsList=\"nodownload\"><\/video>\n\t\t\t\t<\/div>\n\t\t\t\t\t\t<\/div>\n\t\t\t\t<\/div>\n\t\t\t\t<section class=\"elementor-section elementor-inner-section elementor-element elementor-element-4e40f67 elementor-section-full_width elementor-section-height-default elementor-section-height-default\" data-id=\"4e40f67\" data-element_type=\"section\" data-e-type=\"section\">\n\t\t\t\t\t\t<div class=\"elementor-container elementor-column-gap-no\">\n\t\t\t\t\t<div class=\"elementor-column elementor-col-50 elementor-inner-column elementor-element elementor-element-9352812\" data-id=\"9352812\" data-element_type=\"column\" data-e-type=\"column\">\n\t\t\t<div class=\"elementor-widget-wrap elementor-element-populated\">\n\t\t\t\t\t\t<div class=\"elementor-element elementor-element-942cd69 elementor-widget__width-initial elementor-widget elementor-widget-video\" data-id=\"942cd69\" data-element_type=\"widget\" data-e-type=\"widget\" data-settings=\"{&quot;video_type&quot;:&quot;hosted&quot;,&quot;autoplay&quot;:&quot;yes&quot;,&quot;loop&quot;:&quot;yes&quot;,&quot;mute&quot;:&quot;yes&quot;,&quot;play_on_mobile&quot;:&quot;yes&quot;}\" data-widget_type=\"video.default\">\n\t\t\t\t<div class=\"elementor-widget-container\">\n\t\t\t\t\t\t\t<div class=\"e-hosted-video elementor-wrapper elementor-open-inline\">\n\t\t\t\t\t<video class=\"elementor-video\" src=\"http:\/\/ginestastudio.com\/wp-content\/uploads\/2024\/08\/Black-and-White-Phone-Mockup-Webinar-Promotion-Instagram-Story.mp4\" autoplay=\"\" loop=\"\" muted=\"muted\" playsinline=\"\" controlsList=\"nodownload\"><\/video>\n\t\t\t\t<\/div>\n\t\t\t\t\t\t<\/div>\n\t\t\t\t<\/div>\n\t\t\t\t\t<\/div>\n\t\t<\/div>\n\t\t\t\t<div class=\"elementor-column elementor-col-50 elementor-inner-column elementor-element elementor-element-7399d2e\" data-id=\"7399d2e\" data-element_type=\"column\" data-e-type=\"column\">\n\t\t\t<div class=\"elementor-widget-wrap elementor-element-populated\">\n\t\t\t\t\t\t<div class=\"elementor-element elementor-element-789c2b3 elementor-widget elementor-widget-image\" data-id=\"789c2b3\" data-element_type=\"widget\" data-e-type=\"widget\" data-widget_type=\"image.default\">\n\t\t\t\t<div class=\"elementor-widget-container\">\n\t\t\t\t\t\t\t\t\t\t\t\t\t\t\t<img decoding=\"async\" width=\"576\" height=\"1024\" src=\"https:\/\/ginestastudio.com\/wp-content\/uploads\/2024\/08\/Black-and-White-Phone-Mockup-Webinar-Promotion-Instagram-Story-576x1024.png\" class=\"attachment-large size-large wp-image-435\" alt=\"\" srcset=\"https:\/\/ginestastudio.com\/wp-content\/uploads\/2024\/08\/Black-and-White-Phone-Mockup-Webinar-Promotion-Instagram-Story-576x1024.png 576w, https:\/\/ginestastudio.com\/wp-content\/uploads\/2024\/08\/Black-and-White-Phone-Mockup-Webinar-Promotion-Instagram-Story-169x300.png 169w, https:\/\/ginestastudio.com\/wp-content\/uploads\/2024\/08\/Black-and-White-Phone-Mockup-Webinar-Promotion-Instagram-Story-768x1365.png 768w, https:\/\/ginestastudio.com\/wp-content\/uploads\/2024\/08\/Black-and-White-Phone-Mockup-Webinar-Promotion-Instagram-Story-864x1536.png 864w, https:\/\/ginestastudio.com\/wp-content\/uploads\/2024\/08\/Black-and-White-Phone-Mockup-Webinar-Promotion-Instagram-Story.png 1080w\" sizes=\"(max-width: 576px) 100vw, 576px\" \/>\t\t\t\t\t\t\t\t\t\t\t\t\t\t\t<\/div>\n\t\t\t\t<\/div>\n\t\t\t\t\t<\/div>\n\t\t<\/div>\n\t\t\t\t\t<\/div>\n\t\t<\/section>\n\t\t\t\t<div class=\"elementor-element elementor-element-d4b371b elementor-widget elementor-widget-image\" data-id=\"d4b371b\" data-element_type=\"widget\" data-e-type=\"widget\" data-widget_type=\"image.default\">\n\t\t\t\t<div class=\"elementor-widget-container\">\n\t\t\t\t\t\t\t\t\t\t\t\t\t\t\t<img decoding=\"async\" width=\"800\" height=\"363\" src=\"https:\/\/ginestastudio.com\/wp-content\/uploads\/2024\/08\/Captura-de-Pantalla-2024-08-06-a-las-15.31.01-1024x465.png\" class=\"attachment-large size-large wp-image-405\" alt=\"\" srcset=\"https:\/\/ginestastudio.com\/wp-content\/uploads\/2024\/08\/Captura-de-Pantalla-2024-08-06-a-las-15.31.01-1024x465.png 1024w, https:\/\/ginestastudio.com\/wp-content\/uploads\/2024\/08\/Captura-de-Pantalla-2024-08-06-a-las-15.31.01-300x136.png 300w, https:\/\/ginestastudio.com\/wp-content\/uploads\/2024\/08\/Captura-de-Pantalla-2024-08-06-a-las-15.31.01-768x349.png 768w, https:\/\/ginestastudio.com\/wp-content\/uploads\/2024\/08\/Captura-de-Pantalla-2024-08-06-a-las-15.31.01-1536x698.png 1536w, https:\/\/ginestastudio.com\/wp-content\/uploads\/2024\/08\/Captura-de-Pantalla-2024-08-06-a-las-15.31.01-2048x930.png 2048w\" sizes=\"(max-width: 800px) 100vw, 800px\" \/>\t\t\t\t\t\t\t\t\t\t\t\t\t\t\t<\/div>\n\t\t\t\t<\/div>\n\t\t\t\t\t<\/div>\n\t\t<\/div>\n\t\t\t\t\t<\/div>\n\t\t<\/section>\n\t\t\t\t<\/div>\n\t\t","protected":false},"excerpt":{"rendered":"<p>Laura Est\u00e9tica This case study showcases our web design concept for Laura Est\u00e9tica, a wellness and beauty center dedicated to nurturing balance and self-care. Project Description This is a web design project for Laura Est\u00e9tica, a space created to disconnect from the outside world and reconnect with oneself. The main goal was to design a [&hellip;]<\/p>\n","protected":false},"author":1,"featured_media":0,"parent":0,"menu_order":0,"comment_status":"closed","ping_status":"closed","template":"elementor_header_footer","meta":{"footnotes":""},"class_list":["post-401","page","type-page","status-publish","hentry"],"_links":{"self":[{"href":"https:\/\/ginestastudio.com\/ca\/wp-json\/wp\/v2\/pages\/401"}],"collection":[{"href":"https:\/\/ginestastudio.com\/ca\/wp-json\/wp\/v2\/pages"}],"about":[{"href":"https:\/\/ginestastudio.com\/ca\/wp-json\/wp\/v2\/types\/page"}],"author":[{"embeddable":true,"href":"https:\/\/ginestastudio.com\/ca\/wp-json\/wp\/v2\/users\/1"}],"replies":[{"embeddable":true,"href":"https:\/\/ginestastudio.com\/ca\/wp-json\/wp\/v2\/comments?post=401"}],"version-history":[{"count":148,"href":"https:\/\/ginestastudio.com\/ca\/wp-json\/wp\/v2\/pages\/401\/revisions"}],"predecessor-version":[{"id":1715,"href":"https:\/\/ginestastudio.com\/ca\/wp-json\/wp\/v2\/pages\/401\/revisions\/1715"}],"wp:attachment":[{"href":"https:\/\/ginestastudio.com\/ca\/wp-json\/wp\/v2\/media?parent=401"}],"curies":[{"name":"wp","href":"https:\/\/api.w.org\/{rel}","templated":true}]}}